{"id":31,"date":"2023-03-23T14:01:30","date_gmt":"2023-03-23T14:01:30","guid":{"rendered":"https:\/\/viatafaraleucemie.md\/?page_id=31"},"modified":"2023-08-20T19:40:07","modified_gmt":"2023-08-20T19:40:07","slug":"cum-ne-puteti-ajuta","status":"publish","type":"page","link":"https:\/\/viatafaraleucemie.md\/en\/cum-ne-puteti-ajuta\/","title":{"rendered":"How you can help"},"content":{"rendered":"<p>The Public Association&nbsp;<strong>Life Without Leukemia<\/strong>&nbsp;is the sole non-profit in Moldova providing continuous support to childhood cancer patients and to the fmilies that take care of these children.<\/p>\n\n\n\n<p>The activities are carried out exclusively from funds accumulated through donations, sponsorships, grants and philanthropic actions.<\/p>\n\n\n\n<p><a href=\"https:\/\/viatafaraleucemie.md\/en\/donations\/\" data-type=\"URL\" data-id=\"https:\/\/viatafaraleucemie.md\/donations\/\">Donate now<\/a><\/p>\n\n\n\n<p><a href=\"https:\/\/viatafaraleucemie.md\/en\/cum-ne-puteti-ajuta\/ajuta-ne-prin-redirectionarea-a-2-din-impozitul-pe-venit\/\" data-type=\"URL\" data-id=\"https:\/\/viatafaraleucemie.md\/cum-ne-puteti-ajuta\/ajuta-ne-prin-redirectionarea-a-2-din-impozitul-pe-venit\/\">Reassignment of 2% of your income tax<\/a><\/p>\n\n\n\n<p><a href=\"https:\/\/viatafaraleucemie.md\/en\/cum-ne-puteti-ajuta\/ofera-un-cadou\/\" data-type=\"URL\" data-id=\"https:\/\/viatafaraleucemie.md\/cum-ne-puteti-ajuta\/ofera-un-cadou\/\">Offer a gift<\/a><\/p>\n\n\n\n<p><a href=\"https:\/\/viatafaraleucemie.md\/en\/cum-ne-puteti-ajuta\/instaleaza-o-boxa-pentru-donatii\/\" data-type=\"URL\" data-id=\"https:\/\/viatafaraleucemie.md\/cum-ne-puteti-ajuta\/instaleaza-o-boxa-pentru-donatii\/\">Install a donation box<\/a><\/p>\n\n\n\n<p><a href=\"https:\/\/viatafaraleucemie.md\/en\/devino-voluntar\/\">Devino voluntar<\/a><\/p>\n\n\n\n<div style=\"height:60px\" aria-hidden=\"true\" class=\"wp-block-spacer\"><\/div>\n\n\n\n<figure class=\"wp-block-gallery has-nested-images columns-default is-cropped gallery_carousel3 wp-block-gallery-1 is-layout-flex wp-block-gallery-is-layout-flex\">\n<figure class=\"wp-block-image size-large\"><img decoding=\"async\" width=\"1024\" height=\"684\" data-id=\"1610\" src=\"https:\/\/viatafaraleucemie.md\/wp-content\/uploads\/2023\/05\/DSC_4141-2-1024x684.jpg\" alt=\"\" class=\"wp-image-1610\" srcset=\"https:\/\/viatafaraleucemie.md\/wp-content\/uploads\/2023\/05\/DSC_4141-2-1024x684.jpg 1024w, https:\/\/viatafaraleucemie.md\/wp-content\/uploads\/2023\/05\/DSC_4141-2-600x401.jpg 600w, https:\/\/viatafaraleucemie.md\/wp-content\/uploads\/2023\/05\/DSC_4141-2-300x200.jpg 300w, https:\/\/viatafaraleucemie.md\/wp-content\/uploads\/2023\/05\/DSC_4141-2-768x513.jpg 768w, https:\/\/viatafaraleucemie.md\/wp-content\/uploads\/2023\/05\/DSC_4141-2-1536x1025.jpg 1536w, https:\/\/viatafaraleucemie.md\/wp-content\/uploads\/2023\/05\/DSC_4141-2-2048x1367.jpg 2048w, https:\/\/viatafaraleucemie.md\/wp-content\/uploads\/2023\/05\/DSC_4141-2-18x12.jpg 18w, https:\/\/viatafaraleucemie.md\/wp-content\/uploads\/2023\/05\/DSC_4141-2-1200x801.jpg 1200w, https:\/\/viatafaraleucemie.md\/wp-content\/uploads\/2023\/05\/DSC_4141-2-scaled.jpg 1920w\" sizes=\"(max-width: 1024px) 100vw, 1024px\" \/><\/figure>\n\n\n\n<figure class=\"wp-block-image size-large\"><img decoding=\"async\" width=\"1019\" height=\"1024\" data-id=\"1597\" src=\"https:\/\/viatafaraleucemie.md\/wp-content\/uploads\/2023\/05\/DSC_4163-2-1019x1024.jpg\" alt=\"\" class=\"wp-image-1597\" srcset=\"https:\/\/viatafaraleucemie.md\/wp-content\/uploads\/2023\/05\/DSC_4163-2-1019x1024.jpg 1019w, https:\/\/viatafaraleucemie.md\/wp-content\/uploads\/2023\/05\/DSC_4163-2-300x300.jpg 300w, https:\/\/viatafaraleucemie.md\/wp-content\/uploads\/2023\/05\/DSC_4163-2-scaled-100x100.jpg 100w, https:\/\/viatafaraleucemie.md\/wp-content\/uploads\/2023\/05\/DSC_4163-2-600x603.jpg 600w, https:\/\/viatafaraleucemie.md\/wp-content\/uploads\/2023\/05\/DSC_4163-2-150x150.jpg 150w, https:\/\/viatafaraleucemie.md\/wp-content\/uploads\/2023\/05\/DSC_4163-2-768x772.jpg 768w, https:\/\/viatafaraleucemie.md\/wp-content\/uploads\/2023\/05\/DSC_4163-2-1529x1536.jpg 1529w, https:\/\/viatafaraleucemie.md\/wp-content\/uploads\/2023\/05\/DSC_4163-2-2038x2048.jpg 2038w, https:\/\/viatafaraleucemie.md\/wp-content\/uploads\/2023\/05\/DSC_4163-2-12x12.jpg 12w, https:\/\/viatafaraleucemie.md\/wp-content\/uploads\/2023\/05\/DSC_4163-2-1200x1206.jpg 1200w, https:\/\/viatafaraleucemie.md\/wp-content\/uploads\/2023\/05\/DSC_4163-2-scaled.jpg 1911w\" sizes=\"(max-width: 1019px) 100vw, 1019px\" \/><\/figure>\n\n\n\n<figure class=\"wp-block-image size-large\"><img decoding=\"async\" width=\"1024\" height=\"684\" data-id=\"1615\" src=\"https:\/\/viatafaraleucemie.md\/wp-content\/uploads\/2023\/05\/DSC_4225-2-1024x684.jpg\" alt=\"\" class=\"wp-image-1615\" srcset=\"https:\/\/viatafaraleucemie.md\/wp-content\/uploads\/2023\/05\/DSC_4225-2-1024x684.jpg 1024w, https:\/\/viatafaraleucemie.md\/wp-content\/uploads\/2023\/05\/DSC_4225-2-600x401.jpg 600w, https:\/\/viatafaraleucemie.md\/wp-content\/uploads\/2023\/05\/DSC_4225-2-300x200.jpg 300w, https:\/\/viatafaraleucemie.md\/wp-content\/uploads\/2023\/05\/DSC_4225-2-768x513.jpg 768w, https:\/\/viatafaraleucemie.md\/wp-content\/uploads\/2023\/05\/DSC_4225-2-1536x1025.jpg 1536w, https:\/\/viatafaraleucemie.md\/wp-content\/uploads\/2023\/05\/DSC_4225-2-2048x1367.jpg 2048w, https:\/\/viatafaraleucemie.md\/wp-content\/uploads\/2023\/05\/DSC_4225-2-18x12.jpg 18w, https:\/\/viatafaraleucemie.md\/wp-content\/uploads\/2023\/05\/DSC_4225-2-1200x801.jpg 1200w, https:\/\/viatafaraleucemie.md\/wp-content\/uploads\/2023\/05\/DSC_4225-2-scaled.jpg 1920w\" sizes=\"(max-width: 1024px) 100vw, 1024px\" \/><\/figure>\n\n\n\n<figure class=\"wp-block-image size-large\"><img decoding=\"async\" width=\"1024\" height=\"684\" data-id=\"1608\" src=\"https:\/\/viatafaraleucemie.md\/wp-content\/uploads\/2023\/05\/DSC_4240-2-1024x684.jpg\" alt=\"\" class=\"wp-image-1608\" srcset=\"https:\/\/viatafaraleucemie.md\/wp-content\/uploads\/2023\/05\/DSC_4240-2-1024x684.jpg 1024w, https:\/\/viatafaraleucemie.md\/wp-content\/uploads\/2023\/05\/DSC_4240-2-600x401.jpg 600w, https:\/\/viatafaraleucemie.md\/wp-content\/uploads\/2023\/05\/DSC_4240-2-300x200.jpg 300w, https:\/\/viatafaraleucemie.md\/wp-content\/uploads\/2023\/05\/DSC_4240-2-768x513.jpg 768w, https:\/\/viatafaraleucemie.md\/wp-content\/uploads\/2023\/05\/DSC_4240-2-1536x1025.jpg 1536w, https:\/\/viatafaraleucemie.md\/wp-content\/uploads\/2023\/05\/DSC_4240-2-2048x1367.jpg 2048w, https:\/\/viatafaraleucemie.md\/wp-content\/uploads\/2023\/05\/DSC_4240-2-18x12.jpg 18w, https:\/\/viatafaraleucemie.md\/wp-content\/uploads\/2023\/05\/DSC_4240-2-1200x801.jpg 1200w, https:\/\/viatafaraleucemie.md\/wp-content\/uploads\/2023\/05\/DSC_4240-2-scaled.jpg 1920w\" sizes=\"(max-width: 1024px) 100vw, 1024px\" \/><\/figure>\n\n\n\n<figure class=\"wp-block-image size-large\"><img decoding=\"async\" width=\"1024\" height=\"684\" data-id=\"1609\" src=\"https:\/\/viatafaraleucemie.md\/wp-content\/uploads\/2023\/05\/DSC_4283-2-1024x684.jpg\" alt=\"\" class=\"wp-image-1609\" srcset=\"https:\/\/viatafaraleucemie.md\/wp-content\/uploads\/2023\/05\/DSC_4283-2-1024x684.jpg 1024w, https:\/\/viatafaraleucemie.md\/wp-content\/uploads\/2023\/05\/DSC_4283-2-600x401.jpg 600w, https:\/\/viatafaraleucemie.md\/wp-content\/uploads\/2023\/05\/DSC_4283-2-300x200.jpg 300w, https:\/\/viatafaraleucemie.md\/wp-content\/uploads\/2023\/05\/DSC_4283-2-768x513.jpg 768w, https:\/\/viatafaraleucemie.md\/wp-content\/uploads\/2023\/05\/DSC_4283-2-1536x1025.jpg 1536w, https:\/\/viatafaraleucemie.md\/wp-content\/uploads\/2023\/05\/DSC_4283-2-2048x1367.jpg 2048w, https:\/\/viatafaraleucemie.md\/wp-content\/uploads\/2023\/05\/DSC_4283-2-18x12.jpg 18w, https:\/\/viatafaraleucemie.md\/wp-content\/uploads\/2023\/05\/DSC_4283-2-1200x801.jpg 1200w, https:\/\/viatafaraleucemie.md\/wp-content\/uploads\/2023\/05\/DSC_4283-2-scaled.jpg 1920w\" sizes=\"(max-width: 1024px) 100vw, 1024px\" \/><\/figure>\n\n\n\n<figure class=\"wp-block-image size-large\"><img decoding=\"async\" width=\"684\" height=\"1024\" data-id=\"1601\" src=\"https:\/\/viatafaraleucemie.md\/wp-content\/uploads\/2023\/05\/DSC_4303-2-684x1024.jpg\" alt=\"\" class=\"wp-image-1601\" srcset=\"https:\/\/viatafaraleucemie.md\/wp-content\/uploads\/2023\/05\/DSC_4303-2-684x1024.jpg 684w, https:\/\/viatafaraleucemie.md\/wp-content\/uploads\/2023\/05\/DSC_4303-2-600x899.jpg 600w, https:\/\/viatafaraleucemie.md\/wp-content\/uploads\/2023\/05\/DSC_4303-2-200x300.jpg 200w, https:\/\/viatafaraleucemie.md\/wp-content\/uploads\/2023\/05\/DSC_4303-2-768x1150.jpg 768w, https:\/\/viatafaraleucemie.md\/wp-content\/uploads\/2023\/05\/DSC_4303-2-1025x1536.jpg 1025w, https:\/\/viatafaraleucemie.md\/wp-content\/uploads\/2023\/05\/DSC_4303-2-1367x2048.jpg 1367w, https:\/\/viatafaraleucemie.md\/wp-content\/uploads\/2023\/05\/DSC_4303-2-8x12.jpg 8w, https:\/\/viatafaraleucemie.md\/wp-content\/uploads\/2023\/05\/DSC_4303-2-1200x1798.jpg 1200w, https:\/\/viatafaraleucemie.md\/wp-content\/uploads\/2023\/05\/DSC_4303-2-scaled.jpg 1282w\" sizes=\"(max-width: 684px) 100vw, 684px\" \/><\/figure>\n\n\n\n<figure class=\"wp-block-image size-large\"><img decoding=\"async\" width=\"1024\" height=\"684\" data-id=\"1603\" src=\"https:\/\/viatafaraleucemie.md\/wp-content\/uploads\/2023\/05\/DSC_4333-2-1024x684.jpg\" alt=\"\" class=\"wp-image-1603\" srcset=\"https:\/\/viatafaraleucemie.md\/wp-content\/uploads\/2023\/05\/DSC_4333-2-1024x684.jpg 1024w, https:\/\/viatafaraleucemie.md\/wp-content\/uploads\/2023\/05\/DSC_4333-2-600x401.jpg 600w, https:\/\/viatafaraleucemie.md\/wp-content\/uploads\/2023\/05\/DSC_4333-2-300x200.jpg 300w, https:\/\/viatafaraleucemie.md\/wp-content\/uploads\/2023\/05\/DSC_4333-2-768x513.jpg 768w, https:\/\/viatafaraleucemie.md\/wp-content\/uploads\/2023\/05\/DSC_4333-2-1536x1025.jpg 1536w, https:\/\/viatafaraleucemie.md\/wp-content\/uploads\/2023\/05\/DSC_4333-2-2048x1367.jpg 2048w, https:\/\/viatafaraleucemie.md\/wp-content\/uploads\/2023\/05\/DSC_4333-2-18x12.jpg 18w, https:\/\/viatafaraleucemie.md\/wp-content\/uploads\/2023\/05\/DSC_4333-2-1200x801.jpg 1200w, https:\/\/viatafaraleucemie.md\/wp-content\/uploads\/2023\/05\/DSC_4333-2-scaled.jpg 1920w\" sizes=\"(max-width: 1024px) 100vw, 1024px\" \/><\/figure>\n\n\n\n<figure class=\"wp-block-image size-large\"><img decoding=\"async\" width=\"684\" height=\"1024\" data-id=\"1600\" src=\"https:\/\/viatafaraleucemie.md\/wp-content\/uploads\/2023\/05\/DSC_4376-2-684x1024.jpg\" alt=\"\" class=\"wp-image-1600\" srcset=\"https:\/\/viatafaraleucemie.md\/wp-content\/uploads\/2023\/05\/DSC_4376-2-684x1024.jpg 684w, https:\/\/viatafaraleucemie.md\/wp-content\/uploads\/2023\/05\/DSC_4376-2-600x899.jpg 600w, https:\/\/viatafaraleucemie.md\/wp-content\/uploads\/2023\/05\/DSC_4376-2-200x300.jpg 200w, https:\/\/viatafaraleucemie.md\/wp-content\/uploads\/2023\/05\/DSC_4376-2-768x1150.jpg 768w, https:\/\/viatafaraleucemie.md\/wp-content\/uploads\/2023\/05\/DSC_4376-2-1025x1536.jpg 1025w, https:\/\/viatafaraleucemie.md\/wp-content\/uploads\/2023\/05\/DSC_4376-2-1367x2048.jpg 1367w, https:\/\/viatafaraleucemie.md\/wp-content\/uploads\/2023\/05\/DSC_4376-2-8x12.jpg 8w, https:\/\/viatafaraleucemie.md\/wp-content\/uploads\/2023\/05\/DSC_4376-2-1200x1798.jpg 1200w, https:\/\/viatafaraleucemie.md\/wp-content\/uploads\/2023\/05\/DSC_4376-2-scaled.jpg 1282w\" sizes=\"(max-width: 684px) 100vw, 684px\" \/><\/figure>\n\n\n\n<figure class=\"wp-block-image size-large\"><img decoding=\"async\" width=\"1024\" height=\"684\" data-id=\"1599\" src=\"https:\/\/viatafaraleucemie.md\/wp-content\/uploads\/2023\/05\/DSC_4389-2-1024x684.jpg\" alt=\"\" class=\"wp-image-1599\" srcset=\"https:\/\/viatafaraleucemie.md\/wp-content\/uploads\/2023\/05\/DSC_4389-2-1024x684.jpg 1024w, https:\/\/viatafaraleucemie.md\/wp-content\/uploads\/2023\/05\/DSC_4389-2-600x401.jpg 600w, https:\/\/viatafaraleucemie.md\/wp-content\/uploads\/2023\/05\/DSC_4389-2-300x200.jpg 300w, https:\/\/viatafaraleucemie.md\/wp-content\/uploads\/2023\/05\/DSC_4389-2-768x513.jpg 768w, https:\/\/viatafaraleucemie.md\/wp-content\/uploads\/2023\/05\/DSC_4389-2-1536x1025.jpg 1536w, https:\/\/viatafaraleucemie.md\/wp-content\/uploads\/2023\/05\/DSC_4389-2-2048x1367.jpg 2048w, https:\/\/viatafaraleucemie.md\/wp-content\/uploads\/2023\/05\/DSC_4389-2-18x12.jpg 18w, https:\/\/viatafaraleucemie.md\/wp-content\/uploads\/2023\/05\/DSC_4389-2-1200x801.jpg 1200w, https:\/\/viatafaraleucemie.md\/wp-content\/uploads\/2023\/05\/DSC_4389-2-scaled.jpg 1920w\" sizes=\"(max-width: 1024px) 100vw, 1024px\" \/><\/figure>\n\n\n\n<figure class=\"wp-block-image size-large\"><img decoding=\"async\" width=\"684\" height=\"1024\" data-id=\"1606\" src=\"https:\/\/viatafaraleucemie.md\/wp-content\/uploads\/2023\/05\/DSC_4314-2-684x1024.jpg\" alt=\"\" class=\"wp-image-1606\" srcset=\"https:\/\/viatafaraleucemie.md\/wp-content\/uploads\/2023\/05\/DSC_4314-2-684x1024.jpg 684w, https:\/\/viatafaraleucemie.md\/wp-content\/uploads\/2023\/05\/DSC_4314-2-600x899.jpg 600w, https:\/\/viatafaraleucemie.md\/wp-content\/uploads\/2023\/05\/DSC_4314-2-200x300.jpg 200w, https:\/\/viatafaraleucemie.md\/wp-content\/uploads\/2023\/05\/DSC_4314-2-768x1150.jpg 768w, https:\/\/viatafaraleucemie.md\/wp-content\/uploads\/2023\/05\/DSC_4314-2-1025x1536.jpg 1025w, https:\/\/viatafaraleucemie.md\/wp-content\/uploads\/2023\/05\/DSC_4314-2-1367x2048.jpg 1367w, https:\/\/viatafaraleucemie.md\/wp-content\/uploads\/2023\/05\/DSC_4314-2-8x12.jpg 8w, https:\/\/viatafaraleucemie.md\/wp-content\/uploads\/2023\/05\/DSC_4314-2-1200x1798.jpg 1200w, https:\/\/viatafaraleucemie.md\/wp-content\/uploads\/2023\/05\/DSC_4314-2-scaled.jpg 1282w\" sizes=\"(max-width: 684px) 100vw, 684px\" \/><\/figure>\n\n\n\n<figure class=\"wp-block-image size-large\"><img decoding=\"async\" width=\"684\" height=\"1024\" data-id=\"1605\" src=\"https:\/\/viatafaraleucemie.md\/wp-content\/uploads\/2023\/05\/DSC_4324-2-684x1024.jpg\" alt=\"\" class=\"wp-image-1605\" srcset=\"https:\/\/viatafaraleucemie.md\/wp-content\/uploads\/2023\/05\/DSC_4324-2-684x1024.jpg 684w, https:\/\/viatafaraleucemie.md\/wp-content\/uploads\/2023\/05\/DSC_4324-2-600x899.jpg 600w, https:\/\/viatafaraleucemie.md\/wp-content\/uploads\/2023\/05\/DSC_4324-2-200x300.jpg 200w, https:\/\/viatafaraleucemie.md\/wp-content\/uploads\/2023\/05\/DSC_4324-2-768x1150.jpg 768w, https:\/\/viatafaraleucemie.md\/wp-content\/uploads\/2023\/05\/DSC_4324-2-1025x1536.jpg 1025w, https:\/\/viatafaraleucemie.md\/wp-content\/uploads\/2023\/05\/DSC_4324-2-1367x2048.jpg 1367w, https:\/\/viatafaraleucemie.md\/wp-content\/uploads\/2023\/05\/DSC_4324-2-8x12.jpg 8w, https:\/\/viatafaraleucemie.md\/wp-content\/uploads\/2023\/05\/DSC_4324-2-1200x1798.jpg 1200w, https:\/\/viatafaraleucemie.md\/wp-content\/uploads\/2023\/05\/DSC_4324-2-scaled.jpg 1282w\" sizes=\"(max-width: 684px) 100vw, 684px\" \/><\/figure>\n\n\n\n<figure class=\"wp-block-image size-large\"><img decoding=\"async\" width=\"1024\" height=\"684\" data-id=\"1614\" src=\"https:\/\/viatafaraleucemie.md\/wp-content\/uploads\/2023\/05\/DSC_4347-2-1024x684.jpg\" alt=\"\" class=\"wp-image-1614\" srcset=\"https:\/\/viatafaraleucemie.md\/wp-content\/uploads\/2023\/05\/DSC_4347-2-1024x684.jpg 1024w, https:\/\/viatafaraleucemie.md\/wp-content\/uploads\/2023\/05\/DSC_4347-2-600x401.jpg 600w, https:\/\/viatafaraleucemie.md\/wp-content\/uploads\/2023\/05\/DSC_4347-2-300x200.jpg 300w, https:\/\/viatafaraleucemie.md\/wp-content\/uploads\/2023\/05\/DSC_4347-2-768x513.jpg 768w, https:\/\/viatafaraleucemie.md\/wp-content\/uploads\/2023\/05\/DSC_4347-2-1536x1025.jpg 1536w, https:\/\/viatafaraleucemie.md\/wp-content\/uploads\/2023\/05\/DSC_4347-2-2048x1367.jpg 2048w, https:\/\/viatafaraleucemie.md\/wp-content\/uploads\/2023\/05\/DSC_4347-2-18x12.jpg 18w, https:\/\/viatafaraleucemie.md\/wp-content\/uploads\/2023\/05\/DSC_4347-2-1200x801.jpg 1200w, https:\/\/viatafaraleucemie.md\/wp-content\/uploads\/2023\/05\/DSC_4347-2-scaled.jpg 1920w\" sizes=\"(max-width: 1024px) 100vw, 1024px\" \/><\/figure>\n\n\n\n<figure class=\"wp-block-image size-large\"><img decoding=\"async\" width=\"684\" height=\"1024\" data-id=\"1607\" src=\"https:\/\/viatafaraleucemie.md\/wp-content\/uploads\/2023\/05\/DSC_4358-2-684x1024.jpg\" alt=\"\" class=\"wp-image-1607\" srcset=\"https:\/\/viatafaraleucemie.md\/wp-content\/uploads\/2023\/05\/DSC_4358-2-684x1024.jpg 684w, https:\/\/viatafaraleucemie.md\/wp-content\/uploads\/2023\/05\/DSC_4358-2-600x899.jpg 600w, https:\/\/viatafaraleucemie.md\/wp-content\/uploads\/2023\/05\/DSC_4358-2-200x300.jpg 200w, https:\/\/viatafaraleucemie.md\/wp-content\/uploads\/2023\/05\/DSC_4358-2-768x1150.jpg 768w, https:\/\/viatafaraleucemie.md\/wp-content\/uploads\/2023\/05\/DSC_4358-2-1025x1536.jpg 1025w, https:\/\/viatafaraleucemie.md\/wp-content\/uploads\/2023\/05\/DSC_4358-2-1367x2048.jpg 1367w, https:\/\/viatafaraleucemie.md\/wp-content\/uploads\/2023\/05\/DSC_4358-2-8x12.jpg 8w, https:\/\/viatafaraleucemie.md\/wp-content\/uploads\/2023\/05\/DSC_4358-2-1200x1798.jpg 1200w, https:\/\/viatafaraleucemie.md\/wp-content\/uploads\/2023\/05\/DSC_4358-2-scaled.jpg 1282w\" sizes=\"(max-width: 684px) 100vw, 684px\" \/><\/figure>\n\n\n\n<figure class=\"wp-block-image size-large\"><img decoding=\"async\" width=\"1024\" height=\"684\" data-id=\"1598\" src=\"https:\/\/viatafaraleucemie.md\/wp-content\/uploads\/2023\/05\/DSC_4403-2-1024x684.jpg\" alt=\"\" class=\"wp-image-1598\" srcset=\"https:\/\/viatafaraleucemie.md\/wp-content\/uploads\/2023\/05\/DSC_4403-2-1024x684.jpg 1024w, https:\/\/viatafaraleucemie.md\/wp-content\/uploads\/2023\/05\/DSC_4403-2-600x401.jpg 600w, https:\/\/viatafaraleucemie.md\/wp-content\/uploads\/2023\/05\/DSC_4403-2-300x200.jpg 300w, https:\/\/viatafaraleucemie.md\/wp-content\/uploads\/2023\/05\/DSC_4403-2-768x513.jpg 768w, https:\/\/viatafaraleucemie.md\/wp-content\/uploads\/2023\/05\/DSC_4403-2-1536x1025.jpg 1536w, https:\/\/viatafaraleucemie.md\/wp-content\/uploads\/2023\/05\/DSC_4403-2-2048x1367.jpg 2048w, https:\/\/viatafaraleucemie.md\/wp-content\/uploads\/2023\/05\/DSC_4403-2-18x12.jpg 18w, https:\/\/viatafaraleucemie.md\/wp-content\/uploads\/2023\/05\/DSC_4403-2-1200x801.jpg 1200w, https:\/\/viatafaraleucemie.md\/wp-content\/uploads\/2023\/05\/DSC_4403-2-scaled.jpg 1920w\" sizes=\"(max-width: 1024px) 100vw, 1024px\" \/><\/figure>\n\n\n\n<figure class=\"wp-block-image size-large\"><img decoding=\"async\" width=\"684\" height=\"1024\" data-id=\"1602\" src=\"https:\/\/viatafaraleucemie.md\/wp-content\/uploads\/2023\/05\/DSC_4418-2-684x1024.jpg\" alt=\"\" class=\"wp-image-1602\" srcset=\"https:\/\/viatafaraleucemie.md\/wp-content\/uploads\/2023\/05\/DSC_4418-2-684x1024.jpg 684w, https:\/\/viatafaraleucemie.md\/wp-content\/uploads\/2023\/05\/DSC_4418-2-600x899.jpg 600w, https:\/\/viatafaraleucemie.md\/wp-content\/uploads\/2023\/05\/DSC_4418-2-200x300.jpg 200w, https:\/\/viatafaraleucemie.md\/wp-content\/uploads\/2023\/05\/DSC_4418-2-768x1150.jpg 768w, https:\/\/viatafaraleucemie.md\/wp-content\/uploads\/2023\/05\/DSC_4418-2-1025x1536.jpg 1025w, https:\/\/viatafaraleucemie.md\/wp-content\/uploads\/2023\/05\/DSC_4418-2-1367x2048.jpg 1367w, https:\/\/viatafaraleucemie.md\/wp-content\/uploads\/2023\/05\/DSC_4418-2-8x12.jpg 8w, https:\/\/viatafaraleucemie.md\/wp-content\/uploads\/2023\/05\/DSC_4418-2-1200x1798.jpg 1200w, https:\/\/viatafaraleucemie.md\/wp-content\/uploads\/2023\/05\/DSC_4418-2-scaled.jpg 1282w\" sizes=\"(max-width: 684px) 100vw, 684px\" \/><\/figure>\n\n\n\n<figure class=\"wp-block-image size-large\"><img decoding=\"async\" width=\"684\" height=\"1024\" data-id=\"1604\" src=\"https:\/\/viatafaraleucemie.md\/wp-content\/uploads\/2023\/05\/DSC_4306-2-684x1024.jpg\" alt=\"\" class=\"wp-image-1604\" srcset=\"https:\/\/viatafaraleucemie.md\/wp-content\/uploads\/2023\/05\/DSC_4306-2-684x1024.jpg 684w, https:\/\/viatafaraleucemie.md\/wp-content\/uploads\/2023\/05\/DSC_4306-2-600x899.jpg 600w, https:\/\/viatafaraleucemie.md\/wp-content\/uploads\/2023\/05\/DSC_4306-2-200x300.jpg 200w, https:\/\/viatafaraleucemie.md\/wp-content\/uploads\/2023\/05\/DSC_4306-2-768x1150.jpg 768w, https:\/\/viatafaraleucemie.md\/wp-content\/uploads\/2023\/05\/DSC_4306-2-1025x1536.jpg 1025w, https:\/\/viatafaraleucemie.md\/wp-content\/uploads\/2023\/05\/DSC_4306-2-1367x2048.jpg 1367w, https:\/\/viatafaraleucemie.md\/wp-content\/uploads\/2023\/05\/DSC_4306-2-8x12.jpg 8w, https:\/\/viatafaraleucemie.md\/wp-content\/uploads\/2023\/05\/DSC_4306-2-1200x1798.jpg 1200w, https:\/\/viatafaraleucemie.md\/wp-content\/uploads\/2023\/05\/DSC_4306-2-scaled.jpg 1282w\" sizes=\"(max-width: 684px) 100vw, 684px\" \/><\/figure>\n\n\n\n<figure class=\"wp-block-image size-large\"><img decoding=\"async\" width=\"1024\" height=\"684\" data-id=\"1612\" src=\"https:\/\/viatafaraleucemie.md\/wp-content\/uploads\/2023\/05\/DSC_4423-3-1024x684.jpg\" alt=\"\" class=\"wp-image-1612\" srcset=\"https:\/\/viatafaraleucemie.md\/wp-content\/uploads\/2023\/05\/DSC_4423-3-1024x684.jpg 1024w, https:\/\/viatafaraleucemie.md\/wp-content\/uploads\/2023\/05\/DSC_4423-3-600x401.jpg 600w, https:\/\/viatafaraleucemie.md\/wp-content\/uploads\/2023\/05\/DSC_4423-3-300x200.jpg 300w, https:\/\/viatafaraleucemie.md\/wp-content\/uploads\/2023\/05\/DSC_4423-3-768x513.jpg 768w, https:\/\/viatafaraleucemie.md\/wp-content\/uploads\/2023\/05\/DSC_4423-3-1536x1025.jpg 1536w, https:\/\/viatafaraleucemie.md\/wp-content\/uploads\/2023\/05\/DSC_4423-3-2048x1367.jpg 2048w, https:\/\/viatafaraleucemie.md\/wp-content\/uploads\/2023\/05\/DSC_4423-3-18x12.jpg 18w, https:\/\/viatafaraleucemie.md\/wp-content\/uploads\/2023\/05\/DSC_4423-3-1200x801.jpg 1200w, https:\/\/viatafaraleucemie.md\/wp-content\/uploads\/2023\/05\/DSC_4423-3-scaled.jpg 1920w\" sizes=\"(max-width: 1024px) 100vw, 1024px\" \/><\/figure>\n\n\n\n<figure class=\"wp-block-image size-large\"><img decoding=\"async\" width=\"1024\" height=\"684\" data-id=\"1611\" src=\"https:\/\/viatafaraleucemie.md\/wp-content\/uploads\/2023\/05\/DSC_4437-2-1024x684.jpg\" alt=\"\" class=\"wp-image-1611\" srcset=\"https:\/\/viatafaraleucemie.md\/wp-content\/uploads\/2023\/05\/DSC_4437-2-1024x684.jpg 1024w, https:\/\/viatafaraleucemie.md\/wp-content\/uploads\/2023\/05\/DSC_4437-2-600x401.jpg 600w, https:\/\/viatafaraleucemie.md\/wp-content\/uploads\/2023\/05\/DSC_4437-2-300x200.jpg 300w, https:\/\/viatafaraleucemie.md\/wp-content\/uploads\/2023\/05\/DSC_4437-2-768x513.jpg 768w, https:\/\/viatafaraleucemie.md\/wp-content\/uploads\/2023\/05\/DSC_4437-2-1536x1025.jpg 1536w, https:\/\/viatafaraleucemie.md\/wp-content\/uploads\/2023\/05\/DSC_4437-2-2048x1367.jpg 2048w, https:\/\/viatafaraleucemie.md\/wp-content\/uploads\/2023\/05\/DSC_4437-2-18x12.jpg 18w, https:\/\/viatafaraleucemie.md\/wp-content\/uploads\/2023\/05\/DSC_4437-2-1200x801.jpg 1200w, https:\/\/viatafaraleucemie.md\/wp-content\/uploads\/2023\/05\/DSC_4437-2-scaled.jpg 1920w\" sizes=\"(max-width: 1024px) 100vw, 1024px\" \/><\/figure>\n<\/figure>","protected":false},"excerpt":{"rendered":"<p>Asocia\u021bia ob\u0219teasc\u0103&nbsp;\u201eVia\u021ba F\u0103r\u0103 Leucemie\u201d&nbsp;este unica asocia\u021bie \u00een Republica Moldova care sus\u021bine copiii diagnostica\u021bi cu maladii oncologice \u0219i familiile care \u00eengrijesc ace\u0219ti corpii. Activitatea desf\u0103\u0219urat\u0103 se realizeaz\u0103 exclusiv din fondurile acumulate din dona\u021bii, sponsoriz\u0103ri \u0219i activit\u0103\u021bi filantropice. Doneaz\u0103 acum Ajut\u0103-ne prin redirec\u021bionarea a 2% din impozitul pe venit Ofer\u0103 un cadou Instaleaz\u0103 o box\u0103 pentru dona\u021bii [&hellip;]<\/p>\n","protected":false},"author":6,"featured_media":0,"parent":0,"menu_order":0,"comment_status":"closed","ping_status":"closed","template":"","meta":{"footnotes":""},"class_list":["post-31","page","type-page","status-publish","hentry"],"acf":[],"_links":{"self":[{"href":"https:\/\/viatafaraleucemie.md\/en\/wp-json\/wp\/v2\/pages\/31","targetHints":{"allow":["GET"]}}],"collection":[{"href":"https:\/\/viatafaraleucemie.md\/en\/wp-json\/wp\/v2\/pages"}],"about":[{"href":"https:\/\/viatafaraleucemie.md\/en\/wp-json\/wp\/v2\/types\/page"}],"author":[{"embeddable":true,"href":"https:\/\/viatafaraleucemie.md\/en\/wp-json\/wp\/v2\/users\/6"}],"replies":[{"embeddable":true,"href":"https:\/\/viatafaraleucemie.md\/en\/wp-json\/wp\/v2\/comments?post=31"}],"version-history":[{"count":0,"href":"https:\/\/viatafaraleucemie.md\/en\/wp-json\/wp\/v2\/pages\/31\/revisions"}],"wp:attachment":[{"href":"https:\/\/viatafaraleucemie.md\/en\/wp-json\/wp\/v2\/media?parent=31"}],"curies":[{"name":"wp","href":"https:\/\/api.w.org\/{rel}","templated":true}]}}