{"id":3452,"date":"2024-02-24T23:19:28","date_gmt":"2024-02-24T21:19:28","guid":{"rendered":"https:\/\/viatafaraleucemie.md\/?page_id=3452"},"modified":"2024-12-27T15:11:31","modified_gmt":"2024-12-27T13:11:31","slug":"de-ziua-mea-daruiesc-speranta","status":"publish","type":"page","link":"https:\/\/viatafaraleucemie.md\/en\/de-ziua-mea-daruiesc-speranta\/","title":{"rendered":"De ziua mea, d\u0103ruiesc speran\u021b\u0103!"},"content":{"rendered":"<p class=\"has-text-align-left\">\u00cenlocuie\u0219te cadoul pentru mine cu o dona\u021bie c\u0103tre Organiza\u021bia \u201dVia\u021ba f\u0103r\u0103 leucemie\u201d<\/p>\n\n\n\n<p class=\"has-text-align-left\">\u00cempreun\u0103 ajut\u0103m copiii s\u0103 \u00eenving\u0103 cancerul!<\/p>\n\n\n<div class=\"wp-block-image\">\n<figure class=\"aligncenter size-large is-resized\"><img decoding=\"async\" width=\"1024\" height=\"352\" src=\"https:\/\/viatafaraleucemie.md\/wp-content\/uploads\/2024\/02\/cover_biryhday-1024x352.png\" alt=\"\" class=\"wp-image-3455\" style=\"width:608px;height:auto\" srcset=\"https:\/\/viatafaraleucemie.md\/wp-content\/uploads\/2024\/02\/cover_biryhday-1024x352.png 1024w, https:\/\/viatafaraleucemie.md\/wp-content\/uploads\/2024\/02\/cover_biryhday-300x103.png 300w, https:\/\/viatafaraleucemie.md\/wp-content\/uploads\/2024\/02\/cover_biryhday-768x264.png 768w, https:\/\/viatafaraleucemie.md\/wp-content\/uploads\/2024\/02\/cover_biryhday-1536x528.png 1536w, https:\/\/viatafaraleucemie.md\/wp-content\/uploads\/2024\/02\/cover_biryhday-2048x704.png 2048w, https:\/\/viatafaraleucemie.md\/wp-content\/uploads\/2024\/02\/cover_biryhday-18x6.png 18w, https:\/\/viatafaraleucemie.md\/wp-content\/uploads\/2024\/02\/cover_biryhday-1200x412.png 1200w, https:\/\/viatafaraleucemie.md\/wp-content\/uploads\/2024\/02\/cover_biryhday-600x206.png 600w, https:\/\/viatafaraleucemie.md\/wp-content\/uploads\/2024\/02\/cover_biryhday.png 1920w\" sizes=\"(max-width: 1024px) 100vw, 1024px\" \/><\/figure>\n<\/div>\n\n\n<div class=\"wp-block-buttons is-content-justification-center is-layout-flex wp-container-core-buttons-is-layout-d9cd0f1e wp-block-buttons-is-layout-flex\">\n<div class=\"wp-block-button\"><a class=\"wp-block-button__link wp-element-button\" href=\"https:\/\/viatafaraleucemie.md\/en\/donatii\/doneaza\/\">Donate<\/a><\/div>\n<\/div>\n\n\n\n<p>D\u0103ruie\u0219te speran\u021b\u0103 pentru copiii cu cancer de ziua ta de na\u0219tere!<br>Fiecare din noi \u00ee\u0219i dore\u0219te ceva inedit de ziua de na\u0219tere, un cadou cu sens de care s\u0103 se bucure mult timp. <br><strong>Dar nici un cadou din lume nu poate fi mai pre\u021bios dec\u00e2t via\u021ba!<\/strong><br>De ziua ta, po\u021bi alege s\u0103 oferi tu acest cadou pre\u021bios copiilor care lupt\u0103 cu cancerul, iar noi te ajut\u0103m. \u00cemparte cu to\u021bi prietenii t\u0103i vestea c\u0103 alegi s\u0103 \u00eenlocuie\u0219ti cadourile tradi\u021bionale cu dona\u021bii c\u0103tre organiza\u021bia \u201dVia\u021ba f\u0103r\u0103 leucemie\u201d!<br>Fii primul care alege o modalitate inedita de a s\u0103rb\u0103tori ziua de na\u0219tere, schimb\u0103 lumea \u00een bine \u0219i ofer\u0103 un suport vital acolo unde este cea mai mare nevoie acum!<\/p>\n\n\n\n<p><strong>Tot ce trebuie s\u0103 faci e:<\/strong><br> &#8211; s\u0103 distribui bannerul \u00een fluxul de \u0219tiri sau \u00een stories <br> &#8211; \u0219i link-ul c\u0103tre pagina de unde pot fi f\u0103cute dona\u021biile online cu cardul sau transferuri bancare tradi\u021bionale <a href=\"https:\/\/viatafaraleucemie.md\/en\/donatii\/doneaza\/\" target=\"_blank\" rel=\"noreferrer noopener\">https:\/\/viatafaraleucemie.md\/donatii\/doneaza\/<\/a><br>Iar dac\u0103 vei face tag la pagina noastra din Facebook \u0219i Instagram @viatafaraleucemie, noi \u00ee\u021bi vom trimite o carte po\u0219tal\u0103 cu numele tuturor celor care au f\u0103cut dona\u021bii!<br><br><strong>Gestul t\u0103u ne va ajuta s\u0103 umplem lumea cu fapte bune \u0219i mult\u0103 lumin\u0103!<\/strong><\/p>\n\n\n\n<p>Banner pentru tine:<\/p>\n\n\n\n<figure class=\"wp-block-image size-large\"><img decoding=\"async\" width=\"1024\" height=\"1024\" src=\"https:\/\/viatafaraleucemie.md\/wp-content\/uploads\/2024\/02\/birthday-1024x1024.png\" alt=\"\" class=\"wp-image-3462\" srcset=\"https:\/\/viatafaraleucemie.md\/wp-content\/uploads\/2024\/02\/birthday-1024x1024.png 1024w, https:\/\/viatafaraleucemie.md\/wp-content\/uploads\/2024\/02\/birthday-300x300.png 300w, https:\/\/viatafaraleucemie.md\/wp-content\/uploads\/2024\/02\/birthday-150x150.png 150w, https:\/\/viatafaraleucemie.md\/wp-content\/uploads\/2024\/02\/birthday-768x768.png 768w, https:\/\/viatafaraleucemie.md\/wp-content\/uploads\/2024\/02\/birthday-1536x1536.png 1536w, https:\/\/viatafaraleucemie.md\/wp-content\/uploads\/2024\/02\/birthday-12x12.png 12w, https:\/\/viatafaraleucemie.md\/wp-content\/uploads\/2024\/02\/birthday-1200x1200.png 1200w, https:\/\/viatafaraleucemie.md\/wp-content\/uploads\/2024\/02\/birthday-600x600.png 600w, https:\/\/viatafaraleucemie.md\/wp-content\/uploads\/2024\/02\/birthday-100x100.png 100w, https:\/\/viatafaraleucemie.md\/wp-content\/uploads\/2024\/02\/birthday.png 1833w\" sizes=\"(max-width: 1024px) 100vw, 1024px\" \/><\/figure>","protected":false},"excerpt":{"rendered":"<p>\u00cenlocuie\u0219te cadoul pentru mine cu o dona\u021bie c\u0103tre Organiza\u021bia \u201dVia\u021ba f\u0103r\u0103 leucemie\u201d \u00cempreun\u0103 ajut\u0103m copiii s\u0103 \u00eenving\u0103 cancerul! D\u0103ruie\u0219te speran\u021b\u0103 pentru copiii cu cancer de ziua ta de na\u0219tere!Fiecare din noi \u00ee\u0219i dore\u0219te ceva inedit de ziua de na\u0219tere, un cadou cu sens de care s\u0103 se bucure mult timp. Dar nici un cadou din [&hellip;]<\/p>\n","protected":false},"author":6,"featured_media":0,"parent":0,"menu_order":0,"comment_status":"closed","ping_status":"closed","template":"","meta":{"footnotes":""},"class_list":["post-3452","page","type-page","status-publish","hentry"],"acf":[],"_links":{"self":[{"href":"https:\/\/viatafaraleucemie.md\/en\/wp-json\/wp\/v2\/pages\/3452","targetHints":{"allow":["GET"]}}],"collection":[{"href":"https:\/\/viatafaraleucemie.md\/en\/wp-json\/wp\/v2\/pages"}],"about":[{"href":"https:\/\/viatafaraleucemie.md\/en\/wp-json\/wp\/v2\/types\/page"}],"author":[{"embeddable":true,"href":"https:\/\/viatafaraleucemie.md\/en\/wp-json\/wp\/v2\/users\/6"}],"replies":[{"embeddable":true,"href":"https:\/\/viatafaraleucemie.md\/en\/wp-json\/wp\/v2\/comments?post=3452"}],"version-history":[{"count":1,"href":"https:\/\/viatafaraleucemie.md\/en\/wp-json\/wp\/v2\/pages\/3452\/revisions"}],"predecessor-version":[{"id":3957,"href":"https:\/\/viatafaraleucemie.md\/en\/wp-json\/wp\/v2\/pages\/3452\/revisions\/3957"}],"wp:attachment":[{"href":"https:\/\/viatafaraleucemie.md\/en\/wp-json\/wp\/v2\/media?parent=3452"}],"curies":[{"name":"wp","href":"https:\/\/api.w.org\/{rel}","templated":true}]}}