{"id":4257,"date":"2025-04-17T11:52:33","date_gmt":"2025-04-17T08:52:33","guid":{"rendered":"https:\/\/viatafaraleucemie.md\/?page_id=4257"},"modified":"2025-04-17T11:52:33","modified_gmt":"2025-04-17T08:52:33","slug":"imbunatatirea-capacitatilor-de-diagnostic","status":"publish","type":"page","link":"https:\/\/viatafaraleucemie.md\/en\/vreau-sa-ma-tratez-acasa-in-moldova\/imbunatatirea-capacitatilor-de-diagnostic\/","title":{"rendered":"\u00cembun\u0103t\u0103\u021birea capacit\u0103\u021bilor de diagnostic"},"content":{"rendered":"","protected":false},"excerpt":{"rendered":"","protected":false},"author":6,"featured_media":0,"parent":4153,"menu_order":0,"comment_status":"closed","ping_status":"closed","template":"","meta":{"footnotes":""},"class_list":["post-4257","page","type-page","status-publish","hentry"],"acf":[],"_links":{"self":[{"href":"https:\/\/viatafaraleucemie.md\/en\/wp-json\/wp\/v2\/pages\/4257","targetHints":{"allow":["GET"]}}],"collection":[{"href":"https:\/\/viatafaraleucemie.md\/en\/wp-json\/wp\/v2\/pages"}],"about":[{"href":"https:\/\/viatafaraleucemie.md\/en\/wp-json\/wp\/v2\/types\/page"}],"author":[{"embeddable":true,"href":"https:\/\/viatafaraleucemie.md\/en\/wp-json\/wp\/v2\/users\/6"}],"replies":[{"embeddable":true,"href":"https:\/\/viatafaraleucemie.md\/en\/wp-json\/wp\/v2\/comments?post=4257"}],"version-history":[{"count":4,"href":"https:\/\/viatafaraleucemie.md\/en\/wp-json\/wp\/v2\/pages\/4257\/revisions"}],"predecessor-version":[{"id":4264,"href":"https:\/\/viatafaraleucemie.md\/en\/wp-json\/wp\/v2\/pages\/4257\/revisions\/4264"}],"up":[{"embeddable":true,"href":"https:\/\/viatafaraleucemie.md\/en\/wp-json\/wp\/v2\/pages\/4153"}],"wp:attachment":[{"href":"https:\/\/viatafaraleucemie.md\/en\/wp-json\/wp\/v2\/media?parent=4257"}],"curies":[{"name":"wp","href":"https:\/\/api.w.org\/{rel}","templated":true}]}}