{"id":922,"date":"2023-04-02T16:12:19","date_gmt":"2023-04-02T16:12:19","guid":{"rendered":"https:\/\/viatafaraleucemie.md\/?page_id=922"},"modified":"2023-05-22T15:17:39","modified_gmt":"2023-05-22T15:17:39","slug":"instaleaza-o-boxa-pentru-donatii","status":"publish","type":"page","link":"https:\/\/viatafaraleucemie.md\/en\/cum-ne-puteti-ajuta\/instaleaza-o-boxa-pentru-donatii\/","title":{"rendered":"Install a donation box"},"content":{"rendered":"<p>Ajut\u0103 copiii bolnavi de cancer. \u201eAdopt\u0103 o box\u0103\u201d pentru dona\u021bii \u0219i instaleaz-o \u00een institu\u021bia pe care o conduci Asocia\u021bia \u201eVia\u021ba f\u0103r\u0103 leucemie\u201d d\u0103 start campaniei de colectare a fondurilor pentru copiii bolnavi de cancer \u0219i familiile acestora.<\/p>\n\n\n\n<p>\u00cen acest sens, \u00eencuraj\u0103m administratorii companiilor s\u0103 ne sus\u021bin\u0103 \u0219i s\u0103 ne ofere spa\u021biu pentru instalarea boxei pentru dona\u021bii, unde clien\u021bii, vizitatorii sau angaja\u021bii vor putea contribui financiar pentru a ajuta micu\u021bii bolnavi, afla\u021bi la tratament \u00een Institutul Oncologic.<\/p>\n\n\n\n<div class=\"wp-block-buttons is-content-justification-center is-layout-flex wp-container-core-buttons-is-layout-16018d1d wp-block-buttons-is-layout-flex\">\n<div class=\"wp-block-button\"><a class=\"wp-block-button__link has-text-align-center wp-element-button\" href=\"https:\/\/forms.gle\/9ssLEVEuU13hwgrP6\" target=\"_blank\" rel=\"noreferrer noopener\">Instaleaz\u0103 o box\u0103<\/a><\/div>\n<\/div>\n\n\n\n<p>Doar prin intermediul dumneavoastr\u0103 putem convinge mai mul\u021bi oameni s\u0103 demonstreze compasiune \u0219i c\u0103 nu sunt fie indiferen\u021bi fa\u021b\u0103 de copiii care trec prin aceast\u0103 \u00eencercare dur\u0103 a vie\u021bii.<br>Adun\u00e2nd b\u0103nu\u021b cu b\u0103nu\u021b putem contribui la:<\/p>\n\n\n\n<ul class=\"wp-block-list\">\n<li>\u00eembun\u0103t\u0103\u021birea condi\u021biilor de spitalizare din sec\u021biile de oncologie pediatric\u0103,<\/li>\n\n\n\n<li>procurarea echipamentelor medicale, necesare pentru tratamentul micu\u021bilor bolnavi,<\/li>\n\n\n\n<li>asigurarea copiilor \u0219i familiilor lor cu obiecte de prim\u0103 necesitate \u0219i produse alimentare,<\/li>\n\n\n\n<li>sus\u021binerea procesului educa\u021bional pentru micii pacien\u021bi, afla\u021bi la tratament,<\/li>\n\n\n\n<li>la readucerea z\u00e2mbetului pe chipurile micu\u021bilor \u0219i a speran\u021bei c\u0103 se vor face bine.<\/li>\n<\/ul>\n\n\n\n<p>Asocia\u021bia \u201eVia\u021ba f\u0103r\u0103 leucemie\u201d&nbsp;<strong>va asigura boxa propriu zis\u0103<\/strong>, precum \u0219i toate procedurile legale necesare pentru instalarea boxei (\u00eencheierea contractului de colaborare, sigilarea boxelor instalate, semnarea actelor de deschidere a boxelor etc.), c\u00e2t \u0219i raportarea privind utilizarea mijloacelor.<br>Tot ce trebuie s\u0103 face\u021bi este s\u0103 depune\u021bi o solicitare prin care v\u0103 exprima\u021bi inten\u021bia de a \u201eAdopt\u0103 o box\u0103\u201d.<br>V\u0103 mul\u021bumim c\u0103 sunte\u021bi al\u0103turi de copiii bolnavi de cancer! Doar \u00eempreun\u0103 putem salva vie\u021bi!<br>Lista loca\u021biilor unde sunt deja instalate boxele pentru colectarea dona\u021biilor pentru copiii bolnavi de cancer:<\/p>\n\n\n\n<p>\u2714\ufe0f Magazin Shop-MESTO, or. Chi\u0219in\u0103u, str. A.Russo nr. 15<\/p>\n\n\n\n<p>\u2714\ufe0f Salon \u00abBeauty Life\u00bb,&nbsp; or. Chi\u0219in\u0103u, str. Cuza Voda nr.41<\/p>\n\n\n\n<p>\u2714\ufe0f Salon \u00abElegant-Lux\u00bb or. Chi\u0219in\u0103u, str. Lech Kaczinski nr.2\/1<\/p>\n\n\n\n<p>\u2714\ufe0f Magazin \u201d Marcel Auto\u201d, or. Chi\u0219in\u0103u, str. Calea Orheiului nr. 112, but.9<\/p>\n\n\n\n<p>\u2714\ufe0f Magazin de firma \u201dConfort\u201d, or. Chi\u0219in\u0103u, str. Mesager, 19<\/p>\n\n\n\n<p>\u2714\ufe0f Restaurant \u00abYapona Mama\u00bb, str. Decebal 76\/1<\/p>\n\n\n\n<figure class=\"wp-block-gallery has-nested-images columns-default is-cropped wp-block-gallery-1 is-layout-flex wp-block-gallery-is-layout-flex\">\n<figure class=\"wp-block-image size-large\"><img decoding=\"async\" width=\"768\" height=\"1024\" data-id=\"924\" src=\"https:\/\/viatafaraleucemie.md\/wp-content\/uploads\/2023\/04\/82649819_2974178075926233_4232061160578351104_o-768x1024.jpeg\" alt=\"\" class=\"wp-image-924\" srcset=\"https:\/\/viatafaraleucemie.md\/wp-content\/uploads\/2023\/04\/82649819_2974178075926233_4232061160578351104_o-768x1024.jpeg 768w, https:\/\/viatafaraleucemie.md\/wp-content\/uploads\/2023\/04\/82649819_2974178075926233_4232061160578351104_o-600x800.jpeg 600w, https:\/\/viatafaraleucemie.md\/wp-content\/uploads\/2023\/04\/82649819_2974178075926233_4232061160578351104_o-225x300.jpeg 225w, https:\/\/viatafaraleucemie.md\/wp-content\/uploads\/2023\/04\/82649819_2974178075926233_4232061160578351104_o-9x12.jpeg 9w, https:\/\/viatafaraleucemie.md\/wp-content\/uploads\/2023\/04\/82649819_2974178075926233_4232061160578351104_o.jpeg 843w\" sizes=\"(max-width: 768px) 100vw, 768px\" \/><\/figure>\n\n\n\n<figure class=\"wp-block-image size-large\"><img decoding=\"async\" width=\"1024\" height=\"1022\" data-id=\"925\" src=\"https:\/\/viatafaraleucemie.md\/wp-content\/uploads\/2023\/04\/148203338_1592512550938633_4168341966458289578_o-1024x1022.jpeg\" alt=\"\" class=\"wp-image-925\" srcset=\"https:\/\/viatafaraleucemie.md\/wp-content\/uploads\/2023\/04\/148203338_1592512550938633_4168341966458289578_o-1024x1022.jpeg 1024w, https:\/\/viatafaraleucemie.md\/wp-content\/uploads\/2023\/04\/148203338_1592512550938633_4168341966458289578_o-300x300.jpeg 300w, https:\/\/viatafaraleucemie.md\/wp-content\/uploads\/2023\/04\/148203338_1592512550938633_4168341966458289578_o-100x100.jpeg 100w, https:\/\/viatafaraleucemie.md\/wp-content\/uploads\/2023\/04\/148203338_1592512550938633_4168341966458289578_o-600x600.jpeg 600w, https:\/\/viatafaraleucemie.md\/wp-content\/uploads\/2023\/04\/148203338_1592512550938633_4168341966458289578_o-150x150.jpeg 150w, https:\/\/viatafaraleucemie.md\/wp-content\/uploads\/2023\/04\/148203338_1592512550938633_4168341966458289578_o-768x766.jpeg 768w, https:\/\/viatafaraleucemie.md\/wp-content\/uploads\/2023\/04\/148203338_1592512550938633_4168341966458289578_o-1536x1533.jpeg 1536w, https:\/\/viatafaraleucemie.md\/wp-content\/uploads\/2023\/04\/148203338_1592512550938633_4168341966458289578_o-12x12.jpeg 12w, https:\/\/viatafaraleucemie.md\/wp-content\/uploads\/2023\/04\/148203338_1592512550938633_4168341966458289578_o-1200x1197.jpeg 1200w, https:\/\/viatafaraleucemie.md\/wp-content\/uploads\/2023\/04\/148203338_1592512550938633_4168341966458289578_o.jpeg 1833w\" sizes=\"(max-width: 1024px) 100vw, 1024px\" \/><\/figure>\n\n\n\n<figure class=\"wp-block-image size-large\"><img decoding=\"async\" width=\"1024\" height=\"1024\" data-id=\"926\" src=\"https:\/\/viatafaraleucemie.md\/wp-content\/uploads\/2023\/04\/148326163_1592512617605293_2312189603232666819_o-1024x1024.jpeg\" alt=\"\" class=\"wp-image-926\" srcset=\"https:\/\/viatafaraleucemie.md\/wp-content\/uploads\/2023\/04\/148326163_1592512617605293_2312189603232666819_o-1024x1024.jpeg 1024w, https:\/\/viatafaraleucemie.md\/wp-content\/uploads\/2023\/04\/148326163_1592512617605293_2312189603232666819_o-300x300.jpeg 300w, https:\/\/viatafaraleucemie.md\/wp-content\/uploads\/2023\/04\/148326163_1592512617605293_2312189603232666819_o-100x100.jpeg 100w, https:\/\/viatafaraleucemie.md\/wp-content\/uploads\/2023\/04\/148326163_1592512617605293_2312189603232666819_o-600x600.jpeg 600w, https:\/\/viatafaraleucemie.md\/wp-content\/uploads\/2023\/04\/148326163_1592512617605293_2312189603232666819_o-150x150.jpeg 150w, https:\/\/viatafaraleucemie.md\/wp-content\/uploads\/2023\/04\/148326163_1592512617605293_2312189603232666819_o-768x768.jpeg 768w, https:\/\/viatafaraleucemie.md\/wp-content\/uploads\/2023\/04\/148326163_1592512617605293_2312189603232666819_o-1536x1536.jpeg 1536w, https:\/\/viatafaraleucemie.md\/wp-content\/uploads\/2023\/04\/148326163_1592512617605293_2312189603232666819_o-12x12.jpeg 12w, https:\/\/viatafaraleucemie.md\/wp-content\/uploads\/2023\/04\/148326163_1592512617605293_2312189603232666819_o-1200x1200.jpeg 1200w, https:\/\/viatafaraleucemie.md\/wp-content\/uploads\/2023\/04\/148326163_1592512617605293_2312189603232666819_o.jpeg 1833w\" sizes=\"(max-width: 1024px) 100vw, 1024px\" \/><\/figure>\n<\/figure>","protected":false},"excerpt":{"rendered":"<p>Ajut\u0103 copiii bolnavi de cancer. \u201eAdopt\u0103 o box\u0103\u201d pentru dona\u021bii \u0219i instaleaz-o \u00een institu\u021bia pe care o conduci Asocia\u021bia \u201eVia\u021ba f\u0103r\u0103 leucemie\u201d d\u0103 start campaniei de colectare a fondurilor pentru copiii bolnavi de cancer \u0219i familiile acestora. \u00cen acest sens, \u00eencuraj\u0103m administratorii companiilor s\u0103 ne sus\u021bin\u0103 \u0219i s\u0103 ne ofere spa\u021biu pentru instalarea boxei pentru [&hellip;]<\/p>\n","protected":false},"author":6,"featured_media":923,"parent":31,"menu_order":0,"comment_status":"closed","ping_status":"closed","template":"","meta":{"footnotes":""},"class_list":["post-922","page","type-page","status-publish","has-post-thumbnail","hentry"],"acf":[],"_links":{"self":[{"href":"https:\/\/viatafaraleucemie.md\/en\/wp-json\/wp\/v2\/pages\/922","targetHints":{"allow":["GET"]}}],"collection":[{"href":"https:\/\/viatafaraleucemie.md\/en\/wp-json\/wp\/v2\/pages"}],"about":[{"href":"https:\/\/viatafaraleucemie.md\/en\/wp-json\/wp\/v2\/types\/page"}],"author":[{"embeddable":true,"href":"https:\/\/viatafaraleucemie.md\/en\/wp-json\/wp\/v2\/users\/6"}],"replies":[{"embeddable":true,"href":"https:\/\/viatafaraleucemie.md\/en\/wp-json\/wp\/v2\/comments?post=922"}],"version-history":[{"count":0,"href":"https:\/\/viatafaraleucemie.md\/en\/wp-json\/wp\/v2\/pages\/922\/revisions"}],"up":[{"embeddable":true,"href":"https:\/\/viatafaraleucemie.md\/en\/wp-json\/wp\/v2\/pages\/31"}],"wp:featuredmedia":[{"embeddable":true,"href":"https:\/\/viatafaraleucemie.md\/en\/wp-json\/wp\/v2\/media\/923"}],"wp:attachment":[{"href":"https:\/\/viatafaraleucemie.md\/en\/wp-json\/wp\/v2\/media?parent=922"}],"curies":[{"name":"wp","href":"https:\/\/api.w.org\/{rel}","templated":true}]}}