{"id":244,"date":"2023-03-24T16:49:14","date_gmt":"2023-03-24T16:49:14","guid":{"rendered":"https:\/\/viatafaraleucemie.md\/?page_id=244"},"modified":"2023-08-15T12:31:42","modified_gmt":"2023-08-15T12:31:42","slug":"devino-voluntar","status":"publish","type":"page","link":"https:\/\/viatafaraleucemie.md\/ru\/devino-voluntar\/","title":{"rendered":"Devino voluntar"},"content":{"rendered":"<h2 class=\"wp-block-heading\">\u0421\u0442\u0430\u043d\u044c\u0442\u0435 \u0432\u043e\u043b\u043e\u043d\u0442\u0435\u0440\u043e\u043c \u0430\u0441\u0441\u043e\u0446\u0438\u0430\u0446\u0438\u0438<\/h2>\n\n\n\n<p>Ne dorim s\u0103 cre\u0103m o comunitate puternic\u0103 de voluntari, care \u00eemp\u0103rt\u0103\u0219esc viziunile noastre \u0219i sunt mereu gata s\u0103 ne vin\u0103 \u00een ajutor atunci c\u00e2nd avem nevoie. Unica plat\u0103 perceput\u0103 pentru munca lor este zimbetul \u0219i buna dispozi\u021bie a copiilor!<\/p>\n\n\n\n<p>Al\u0103tur\u0103-te acestui grup de oameni minuna\u021bi \u021bi inspira\u021bi pentru a ne ajuta s\u0103 aducem cit mai multe bucurii copiilor care lupt\u0103 cu cancerul, dar \u0219i familiile care \u00eengrijesc ace\u0219ti copii.<\/p>\n\n\n\n<p>\u00cen calitate de voluntar al Asocia\u021biei \u201eVia\u021ba f\u0103r\u0103 leucemie\u201d, vei avea posibilitatea:<\/p>\n\n\n\n<ul class=\"wp-block-list\">\n<li>S\u0103 fii al\u0103turi de membrii Asocia\u021biei \u00een activit\u0103\u021bile desf\u0103\u0219urate pentru copiii din sec\u021biile de oncologie pediatric\u0103 a Institutului Oncologic din Republica Moldova (cu permisiunea Administra\u021biei);<\/li>\n\n\n\n<li>S\u0103 participi la activit\u0103\u021bile de colectare de fonduri pentru a sus\u021bine activit\u0103\u021bile Asocia\u021biei \u201eVia\u021ba f\u0103r\u0103 leucemie\u201d;<\/li>\n\n\n\n<li>S\u0103 aju\u021bi la organizarea evenimentelor de caritate;<\/li>\n\n\n\n<li>S\u0103 sus\u021bii activit\u0103\u021bile de promovare a Asocia\u021biei, etc.<\/li>\n<\/ul>\n\n\n\n<p>Dac\u0103 ai decis s\u0103 te al\u0103turi echipei, completeaz\u0103\u00a0<a href=\"https:\/\/docs.google.com\/forms\/d\/e\/1FAIpQLSc9B6oNBEZQdUtJOVmhf66Xj-YXwijYVMVP48Jf8tr4Ey_j4g\/viewform\">acest formular<\/a>, \u0219i \u00een scurt timp te vom contacta!<br><br><\/p>\n\n\n\n<div class=\"wp-block-buttons is-layout-flex wp-block-buttons-is-layout-flex\">\n<div class=\"wp-block-button\"><a class=\"wp-block-button__link wp-element-button\" href=\"https:\/\/docs.google.com\/forms\/d\/e\/1FAIpQLSc9B6oNBEZQdUtJOVmhf66Xj-YXwijYVMVP48Jf8tr4Ey_j4g\/viewform\">COMPLETEAZ\u0102 FORMULAR<\/a><\/div>\n<\/div>\n\n\n\n<p>Implicarea ta poate schimba lumea spre bine!<\/p>","protected":false},"excerpt":{"rendered":"<p>Devino voluntar al Asocia\u021biei \u201eVia\u021ba F\u0103r\u0103 Leucemie\u201d! Ne dorim s\u0103 cre\u0103m o comunitate puternic\u0103 de voluntari, care \u00eemp\u0103rt\u0103\u0219esc viziunile noastre \u0219i sunt mereu gata s\u0103 ne vin\u0103 \u00een ajutor atunci c\u00e2nd avem nevoie. Unica plat\u0103 perceput\u0103 pentru munca lor este zimbetul \u0219i buna dispozi\u021bie a copiilor! Al\u0103tur\u0103-te acestui grup de oameni minuna\u021bi \u021bi inspira\u021bi pentru [&hellip;]<\/p>\n","protected":false},"author":6,"featured_media":247,"parent":0,"menu_order":0,"comment_status":"closed","ping_status":"closed","template":"","meta":{"footnotes":""},"class_list":["post-244","page","type-page","status-publish","has-post-thumbnail","hentry"],"acf":[],"_links":{"self":[{"href":"https:\/\/viatafaraleucemie.md\/ru\/wp-json\/wp\/v2\/pages\/244","targetHints":{"allow":["GET"]}}],"collection":[{"href":"https:\/\/viatafaraleucemie.md\/ru\/wp-json\/wp\/v2\/pages"}],"about":[{"href":"https:\/\/viatafaraleucemie.md\/ru\/wp-json\/wp\/v2\/types\/page"}],"author":[{"embeddable":true,"href":"https:\/\/viatafaraleucemie.md\/ru\/wp-json\/wp\/v2\/users\/6"}],"replies":[{"embeddable":true,"href":"https:\/\/viatafaraleucemie.md\/ru\/wp-json\/wp\/v2\/comments?post=244"}],"version-history":[{"count":0,"href":"https:\/\/viatafaraleucemie.md\/ru\/wp-json\/wp\/v2\/pages\/244\/revisions"}],"wp:featuredmedia":[{"embeddable":true,"href":"https:\/\/viatafaraleucemie.md\/ru\/wp-json\/wp\/v2\/media\/247"}],"wp:attachment":[{"href":"https:\/\/viatafaraleucemie.md\/ru\/wp-json\/wp\/v2\/media?parent=244"}],"curies":[{"name":"wp","href":"https:\/\/api.w.org\/{rel}","templated":true}]}}