{"id":249,"date":"2023-03-24T16:55:52","date_gmt":"2023-03-24T16:55:52","guid":{"rendered":"https:\/\/viatafaraleucemie.md\/?page_id=249"},"modified":"2026-02-09T13:47:06","modified_gmt":"2026-02-09T11:47:06","slug":"ajuta-ne-prin-redirectionarea-a-2-din-impozitul-pe-venit","status":"publish","type":"page","link":"https:\/\/viatafaraleucemie.md\/ru\/cum-ne-puteti-ajuta\/ajuta-ne-prin-redirectionarea-a-2-din-impozitul-pe-venit\/","title":{"rendered":"\u041f\u0435\u0440\u0435\u043d\u0430\u043f\u0440\u0430\u0432\u044c\u0442\u0435 2% \u043e\u0442 \u043d\u0430\u043b\u043e\u0433\u0430 \u043d\u0430 \u0434\u043e\u0445\u043e\u0434"},"content":{"rendered":"<div class=\"wp-block-image\">\n<figure class=\"aligncenter size-large\"><img decoding=\"async\" width=\"1024\" height=\"439\" src=\"https:\/\/viatafaraleucemie.md\/wp-content\/uploads\/2026\/02\/covB-1024x439.jpg\" alt=\"\" class=\"wp-image-4918\" srcset=\"https:\/\/viatafaraleucemie.md\/wp-content\/uploads\/2026\/02\/covB-1024x439.jpg 1024w, https:\/\/viatafaraleucemie.md\/wp-content\/uploads\/2026\/02\/covB-300x128.jpg 300w, https:\/\/viatafaraleucemie.md\/wp-content\/uploads\/2026\/02\/covB-768x329.jpg 768w, https:\/\/viatafaraleucemie.md\/wp-content\/uploads\/2026\/02\/covB-1536x658.jpg 1536w, https:\/\/viatafaraleucemie.md\/wp-content\/uploads\/2026\/02\/covB-18x8.jpg 18w, https:\/\/viatafaraleucemie.md\/wp-content\/uploads\/2026\/02\/covB-1200x514.jpg 1200w, https:\/\/viatafaraleucemie.md\/wp-content\/uploads\/2026\/02\/covB-600x257.jpg 600w, https:\/\/viatafaraleucemie.md\/wp-content\/uploads\/2026\/02\/covB.jpg 1833w\" sizes=\"(max-width: 1024px) 100vw, 1024px\" \/><\/figure>\n<\/div>\n\n\n<figure class=\"wp-block-embed is-type-video is-provider-youtube wp-block-embed-youtube wp-embed-aspect-16-9 wp-has-aspect-ratio\"><div class=\"wp-block-embed__wrapper\">\n<iframe loading=\"lazy\" title=\"Via\u021ba f\u0103r\u0103 Leucemie - Prin Mecanismul 2% po\u021bi ajuta \u0219i tu copiii s\u0103 \u00eenving\u0103 cancerul\" width=\"500\" height=\"281\" src=\"https:\/\/www.youtube.com\/embed\/HEH4Puxy-nU?feature=oembed\" frameborder=\"0\" allow=\"accelerometer; autoplay; clipboard-write; encrypted-media; gyroscope; picture-in-picture; web-share\" referrerpolicy=\"strict-origin-when-cross-origin\" allowfullscreen><\/iframe>\n<\/div><\/figure>\n\n\n\n<p>\u041b\u044e\u0431\u043e\u0439 \u0433\u0440\u0430\u0436\u0434\u0430\u043d\u0438\u043d \u041c\u043e\u043b\u0434\u043e\u0432\u044b \u043c\u043e\u0436\u0435\u0442 \u043e\u0442\u0447\u0438\u0441\u043b\u0438\u0442\u044c 2% \u0441\u0432\u043e\u0435\u0433\u043e \u043f\u043e\u0434\u043e\u0445\u043e\u0434\u043d\u043e\u0433\u043e \u043d\u0430\u043b\u043e\u0433\u0430, \u043a\u043e\u0442\u043e\u0440\u044b\u0439 \u043c\u044b \u0432\u0441\u0435\u0433\u0434\u0430 \u043f\u043b\u0430\u0442\u0438\u043c \u0432 \u0431\u044e\u0434\u0436\u0435\u0442 \u0441 \u043d\u0430\u0448\u0438\u0445 \u0437\u0430\u0440\u043f\u043b\u0430\u0442, \u0432 \u043f\u043e\u043c\u043e\u0449\u044c \u043d\u0430\u0448\u0438\u043c \u0434\u0435\u0442\u043a\u0430\u043c! \u0414\u0435\u0442\u044f\u043c, \u043a\u043e\u0442\u043e\u0440\u044b\u043c \u0434\u0438\u0430\u0433\u043d\u043e\u0441\u0442\u0438\u0440\u043e\u0432\u0430\u043d \u0440\u0430\u043a, \u0438 \u043a\u043e\u0442\u043e\u0440\u044b\u0435 \u043f\u0440\u043e\u0445\u043e\u0434\u044f\u0442 \u043b\u0435\u0447\u0435\u043d\u0438\u0435 \u0443 \u043d\u0430\u0441 \u0432 \u041c\u043e\u043b\u0434\u043e\u0432\u0435!<\/p>\n\n\n\n<p>Asocia\u021bia \u201dVia\u021ba f\u0103r\u0103 leucemie\u201d este&nbsp; inclus\u0103 \u00een Lista beneficiarilor desemn\u0103rii procentuale publicat\u0103 de c\u0103tre Agen\u021bia Servicii publice.<\/p>\n\n\n\n<p><strong>\u041a\u0410\u041a \u0412\u042b \u041c\u041e\u0416\u0415\u0422\u0415 \u0421\u0414\u0415\u041b\u0410\u0422\u042c \u041f\u0415\u0420\u0415\u0410\u0414\u0420\u0415\u0421\u0410\u0426\u0418\u042e 2%<\/strong><\/p>\n\n\n\n<p>\u0421\u0434\u0435\u043b\u0430\u0442\u044c \u044d\u0442\u043e \u043c\u043e\u0436\u043d\u043e \u0437\u0430\u043f\u043e\u043b\u043d\u044f\u044f \u0414\u0435\u043a\u043b\u0430\u0440\u0430\u0446\u0438\u044e \u043e \u043f\u043e\u0434\u043e\u0445\u043e\u0434\u043d\u043e\u043c \u043d\u0430\u043b\u043e\u0433\u0435 \u0437\u0430 \u043f\u0440\u0435\u0434\u044b\u0434\u0443\u0449\u0438\u0439 \u0433\u043e\u0434. \u0412 \u0441\u0430\u043c\u043e\u043c \u043a\u043e\u043d\u0446\u0435 \u0414\u0435\u043a\u043b\u0430\u0440\u0430\u0446\u0438\u0438 \u0435\u0441\u0442\u044c \u0440\u0443\u0431\u0440\u0438\u043a\u0430 \u0424\u0410\u041a\u0423\u041b\u042c\u0422\u0410\u0422\u0418\u0412\u041d\u0410\u042f, \u0433\u0434\u0435 \u0432 \u0441\u0442\u0440\u043e\u043a\u0435 \u041c \u0443\u043a\u0430\u0437\u044b\u0432\u0430\u0435\u043c \u0444\u0438\u0441\u043a\u0430\u043b\u044c\u043d\u044b\u0439 \u043a\u043e\u0434 \u043d\u0430\u0448\u0435\u0439 \u043e\u0440\u0433\u0430\u043d\u0438\u0437\u0430\u0446\u0438\u0438 \"Viata fara leucemie\"&nbsp;<strong>1011620004380.<\/strong><\/p>\n\n\n\n<figure class=\"wp-block-gallery has-nested-images columns-default is-cropped wp-block-gallery-1 is-layout-flex wp-block-gallery-is-layout-flex\">\n<figure class=\"wp-block-image size-large\"><img decoding=\"async\" width=\"1024\" height=\"1024\" data-id=\"252\" src=\"https:\/\/viatafaraleucemie.md\/wp-content\/uploads\/2023\/03\/\u0420\u0438\u0441\u0443\u043d\u043e\u043a1-1024x1024.png\" alt=\"\" class=\"wp-image-252\" srcset=\"https:\/\/viatafaraleucemie.md\/wp-content\/uploads\/2023\/03\/\u0420\u0438\u0441\u0443\u043d\u043e\u043a1-1024x1024.png 1024w, https:\/\/viatafaraleucemie.md\/wp-content\/uploads\/2023\/03\/\u0420\u0438\u0441\u0443\u043d\u043e\u043a1-300x300.png 300w, https:\/\/viatafaraleucemie.md\/wp-content\/uploads\/2023\/03\/\u0420\u0438\u0441\u0443\u043d\u043e\u043a1-100x100.png 100w, https:\/\/viatafaraleucemie.md\/wp-content\/uploads\/2023\/03\/\u0420\u0438\u0441\u0443\u043d\u043e\u043a1-600x600.png 600w, https:\/\/viatafaraleucemie.md\/wp-content\/uploads\/2023\/03\/\u0420\u0438\u0441\u0443\u043d\u043e\u043a1-150x150.png 150w, https:\/\/viatafaraleucemie.md\/wp-content\/uploads\/2023\/03\/\u0420\u0438\u0441\u0443\u043d\u043e\u043a1-768x768.png 768w, https:\/\/viatafaraleucemie.md\/wp-content\/uploads\/2023\/03\/\u0420\u0438\u0441\u0443\u043d\u043e\u043a1-1536x1536.png 1536w, https:\/\/viatafaraleucemie.md\/wp-content\/uploads\/2023\/03\/\u0420\u0438\u0441\u0443\u043d\u043e\u043a1-12x12.png 12w, https:\/\/viatafaraleucemie.md\/wp-content\/uploads\/2023\/03\/\u0420\u0438\u0441\u0443\u043d\u043e\u043a1-1200x1200.png 1200w, https:\/\/viatafaraleucemie.md\/wp-content\/uploads\/2023\/03\/\u0420\u0438\u0441\u0443\u043d\u043e\u043a1.png 1833w\" sizes=\"(max-width: 1024px) 100vw, 1024px\" \/><\/figure>\n\n\n\n<figure class=\"wp-block-image size-large\"><img decoding=\"async\" width=\"1024\" height=\"1024\" data-id=\"253\" src=\"https:\/\/viatafaraleucemie.md\/wp-content\/uploads\/2023\/03\/\u0420\u0438\u0441\u0443\u043d\u043e\u043a2-1024x1024.png\" alt=\"\" class=\"wp-image-253\" srcset=\"https:\/\/viatafaraleucemie.md\/wp-content\/uploads\/2023\/03\/\u0420\u0438\u0441\u0443\u043d\u043e\u043a2-1024x1024.png 1024w, https:\/\/viatafaraleucemie.md\/wp-content\/uploads\/2023\/03\/\u0420\u0438\u0441\u0443\u043d\u043e\u043a2-300x300.png 300w, https:\/\/viatafaraleucemie.md\/wp-content\/uploads\/2023\/03\/\u0420\u0438\u0441\u0443\u043d\u043e\u043a2-100x100.png 100w, https:\/\/viatafaraleucemie.md\/wp-content\/uploads\/2023\/03\/\u0420\u0438\u0441\u0443\u043d\u043e\u043a2-600x600.png 600w, https:\/\/viatafaraleucemie.md\/wp-content\/uploads\/2023\/03\/\u0420\u0438\u0441\u0443\u043d\u043e\u043a2-150x150.png 150w, https:\/\/viatafaraleucemie.md\/wp-content\/uploads\/2023\/03\/\u0420\u0438\u0441\u0443\u043d\u043e\u043a2-768x768.png 768w, https:\/\/viatafaraleucemie.md\/wp-content\/uploads\/2023\/03\/\u0420\u0438\u0441\u0443\u043d\u043e\u043a2-1536x1536.png 1536w, https:\/\/viatafaraleucemie.md\/wp-content\/uploads\/2023\/03\/\u0420\u0438\u0441\u0443\u043d\u043e\u043a2-12x12.png 12w, https:\/\/viatafaraleucemie.md\/wp-content\/uploads\/2023\/03\/\u0420\u0438\u0441\u0443\u043d\u043e\u043a2-1200x1200.png 1200w, https:\/\/viatafaraleucemie.md\/wp-content\/uploads\/2023\/03\/\u0420\u0438\u0441\u0443\u043d\u043e\u043a2.png 1833w\" sizes=\"(max-width: 1024px) 100vw, 1024px\" \/><\/figure>\n<\/figure>\n\n\n\n<p>\u0412\u0421\u0415!<\/p>\n\n\n\n<p>\u0418 2% \u043e\u0442 \u0440\u0430\u0441\u0441\u0447\u0438\u0442\u0430\u043d\u043d\u043e\u0433\u043e \u043f\u043e\u0434\u043e\u0445\u043e\u0434\u043d\u043e\u0433\u043e \u043d\u0430\u043b\u043e\u0433\u0430 \u043f\u043e\u0439\u0434\u0443\u0442 \u0432 \u043f\u043e\u043c\u043e\u0449\u044c \u0434\u0435\u0442\u044f\u043c, \u0441\u0442\u0440\u0430\u0434\u0430\u044e\u0449\u0438\u043c \u0440\u0430\u043a\u043e\u043c!<\/p>","protected":false},"excerpt":{"rendered":"<p>Redirec\u021bionarea &nbsp;a 2% din impozitul pe venit &nbsp;datorat statului este un mecanism prin care persoanele fizice pot ajuta organiza\u021biile neguvernamentale \u00een scopul sus\u021binerii activit\u0103\u021bilor desf\u0103\u0219urate de acestea. Aloc\u00e2nd 2% din impozitul pe venit c\u0103tre Asocia\u021bia Ob\u0219teasc\u0103 \u201eVia\u021ba F\u0103r\u0103 Leucemie\u201d sus\u021bine\u021bi copiii diagnostica\u021bi cu cancer care se trateaz\u0103 \u00een cadrul Institutului Oncologic din Republica Moldova! Asocia\u021bia [&hellip;]<\/p>\n","protected":false},"author":6,"featured_media":0,"parent":31,"menu_order":0,"comment_status":"closed","ping_status":"closed","template":"","meta":{"footnotes":""},"class_list":["post-249","page","type-page","status-publish","hentry"],"acf":[],"_links":{"self":[{"href":"https:\/\/viatafaraleucemie.md\/ru\/wp-json\/wp\/v2\/pages\/249","targetHints":{"allow":["GET"]}}],"collection":[{"href":"https:\/\/viatafaraleucemie.md\/ru\/wp-json\/wp\/v2\/pages"}],"about":[{"href":"https:\/\/viatafaraleucemie.md\/ru\/wp-json\/wp\/v2\/types\/page"}],"author":[{"embeddable":true,"href":"https:\/\/viatafaraleucemie.md\/ru\/wp-json\/wp\/v2\/users\/6"}],"replies":[{"embeddable":true,"href":"https:\/\/viatafaraleucemie.md\/ru\/wp-json\/wp\/v2\/comments?post=249"}],"version-history":[{"count":3,"href":"https:\/\/viatafaraleucemie.md\/ru\/wp-json\/wp\/v2\/pages\/249\/revisions"}],"predecessor-version":[{"id":4927,"href":"https:\/\/viatafaraleucemie.md\/ru\/wp-json\/wp\/v2\/pages\/249\/revisions\/4927"}],"up":[{"embeddable":true,"href":"https:\/\/viatafaraleucemie.md\/ru\/wp-json\/wp\/v2\/pages\/31"}],"wp:attachment":[{"href":"https:\/\/viatafaraleucemie.md\/ru\/wp-json\/wp\/v2\/media?parent=249"}],"curies":[{"name":"wp","href":"https:\/\/api.w.org\/{rel}","templated":true}]}}