{"id":4153,"date":"2025-03-19T15:01:05","date_gmt":"2025-03-19T13:01:05","guid":{"rendered":"https:\/\/viatafaraleucemie.md\/?page_id=4153"},"modified":"2025-04-18T14:54:54","modified_gmt":"2025-04-18T11:54:54","slug":"vreau-sa-ma-tratez-acasa-in-moldova","status":"publish","type":"page","link":"https:\/\/viatafaraleucemie.md\/ru\/vreau-sa-ma-tratez-acasa-in-moldova\/","title":{"rendered":"Vreau s\u0103 m\u0103 tratez acas\u0103 \u00een Moldova!"},"content":{"rendered":"","protected":false},"excerpt":{"rendered":"","protected":false},"author":6,"featured_media":0,"parent":0,"menu_order":0,"comment_status":"closed","ping_status":"closed","template":"","meta":{"footnotes":""},"class_list":["post-4153","page","type-page","status-publish","hentry"],"acf":[],"_links":{"self":[{"href":"https:\/\/viatafaraleucemie.md\/ru\/wp-json\/wp\/v2\/pages\/4153","targetHints":{"allow":["GET"]}}],"collection":[{"href":"https:\/\/viatafaraleucemie.md\/ru\/wp-json\/wp\/v2\/pages"}],"about":[{"href":"https:\/\/viatafaraleucemie.md\/ru\/wp-json\/wp\/v2\/types\/page"}],"author":[{"embeddable":true,"href":"https:\/\/viatafaraleucemie.md\/ru\/wp-json\/wp\/v2\/users\/6"}],"replies":[{"embeddable":true,"href":"https:\/\/viatafaraleucemie.md\/ru\/wp-json\/wp\/v2\/comments?post=4153"}],"version-history":[{"count":99,"href":"https:\/\/viatafaraleucemie.md\/ru\/wp-json\/wp\/v2\/pages\/4153\/revisions"}],"predecessor-version":[{"id":4425,"href":"https:\/\/viatafaraleucemie.md\/ru\/wp-json\/wp\/v2\/pages\/4153\/revisions\/4425"}],"wp:attachment":[{"href":"https:\/\/viatafaraleucemie.md\/ru\/wp-json\/wp\/v2\/media?parent=4153"}],"curies":[{"name":"wp","href":"https:\/\/api.w.org\/{rel}","templated":true}]}}