{"id":806,"date":"2023-03-30T11:35:29","date_gmt":"2023-03-30T11:35:29","guid":{"rendered":"https:\/\/viatafaraleucemie.md\/?page_id=806"},"modified":"2023-08-20T20:12:46","modified_gmt":"2023-08-20T20:12:46","slug":"ofera-un-cadou","status":"publish","type":"page","link":"https:\/\/viatafaraleucemie.md\/ru\/cum-ne-puteti-ajuta\/ofera-un-cadou\/","title":{"rendered":"\u041f\u043e\u0434\u0430\u0440\u0438\u0442\u0435 \u043f\u043e\u0434\u0430\u0440\u043e\u043a"},"content":{"rendered":"<p>\u0425\u043e\u0442\u0438\u0442\u0435 \u0432\u0435\u0440\u043d\u0443\u0442\u044c \u0443\u043b\u044b\u0431\u043a\u0443 \u0440\u0435\u0431\u0435\u043d\u043a\u0443 \u0431\u043e\u043b\u044c\u043d\u043e\u043c\u0443 \u0440\u0430\u043a\u043e\u043c?  \u041f\u043e\u0434\u0430\u0440\u0438\u0442\u0435 \u0435\u043c\u0443 \u043f\u043e\u0434\u0430\u0440\u043e\u043a!<\/p>\n\n\n\n<p><strong>\u041c\u043e\u0436\u043d\u043e \u043f\u043e\u0434\u0430\u0440\u0438\u0442\u044c:<\/strong><\/p>\n\n\n\n<ul class=\"wp-block-list\">\n<li>\u0438\u0433\u0440\u0443\u0448\u043a\u0438 (\u0440\u0430\u0437\u043d\u044b\u0445 \u0440\u0430\u0437\u043c\u0435\u0440\u043e\u0432, \u0434\u043b\u044f \u043c\u0430\u043b\u044c\u0447\u0438\u043a\u043e\u0432 \u0438 \u0434\u0435\u0432\u043e\u0447\u0435\u043a \u0432 \u0432\u043e\u0437\u0440\u0430\u0441\u0442\u0435 \u043e\u0442 0 \u0434\u043e 18 \u043b\u0435\u0442, \u043a\u0440\u043e\u043c\u0435 \u043c\u044f\u0433\u043a\u0438\u0445 \u0438\u0433\u0440\u0443\u0448\u0435\u043a);<\/li>\n\n\n\n<li>\u0448\u043a\u043e\u043b\u044c\u043d\u044b\u0435 \u043f\u0440\u0438\u043d\u0430\u0434\u043b\u0435\u0436\u043d\u043e\u0441\u0442\u0438 (\u0442\u0435\u0442\u0440\u0430\u0434\u0438, \u043a\u0430\u0440\u0430\u043d\u0434\u0430\u0448\u0438, \u0440\u0443\u0447\u043a\u0438, \u043d\u043e\u0436\u043d\u0438\u0446\u044b \u0438 \u0442. \u0434.);<\/li>\n\n\n\n<li>\u043c\u0430\u0442\u0435\u0440\u0438\u0430\u043b\u044b \u0434\u043b\u044f \u0442\u0432\u043e\u0440\u0447\u0435\u0441\u0442\u0432\u0430 (\u0430\u043a\u0432\u0430\u0440\u0435\u043b\u0438, \u0430\u043b\u044c\u0431\u043e\u043c \u0434\u043b\u044f \u0440\u0438\u0441\u043e\u0432\u0430\u043d\u0438\u044f, \u0446\u0432\u0435\u0442\u043d\u0430\u044f \u0431\u0443\u043c\u0430\u0433\u0430 \u0438 \u043a\u0430\u0440\u0442\u043e\u043d, \u043f\u043b\u0430\u0441\u0442\u0438\u043b\u0438\u043d \u0438 \u0442. \u0434.);<\/li>\n\n\n\n<li>\u043a\u043d\u0438\u0433\u0438 (\u0445\u0443\u0434\u043e\u0436\u0435\u0441\u0442\u0432\u0435\u043d\u043d\u0430\u044f \u043b\u0438\u0442\u0435\u0440\u0430\u0442\u0443\u0440\u0430, \u044d\u043d\u0446\u0438\u043a\u043b\u043e\u043f\u0435\u0434\u0438\u0438, \u0441\u0442\u0438\u0445\u0438, \u0440\u0430\u0441\u0441\u043a\u0430\u0437\u044b \u0438 \u0442. \u0434. \u043d\u0430 \u0440\u0443\u043c\u044b\u043d\u0441\u043a\u043e\u043c \u0438 \u0440\u0443\u0441\u0441\u043a\u043e\u043c \u044f\u0437\u044b\u043a\u0430\u0445);<\/li>\n\n\n\n<li>\u043f\u0430\u0437\u043b\u044b<\/li>\n\n\n\n<li>\u0441\u043f\u043e\u0440\u0442\u0438\u0432\u043d\u044b\u0439 \u0438\u043d\u0432\u0435\u043d\u0442\u0430\u0440\u044c (\u0434\u043b\u044f \u0430\u043a\u0442\u0438\u0432\u043d\u043e\u0433\u043e \u043e\u0442\u0434\u044b\u0445\u0430, \u0437\u0430\u043d\u044f\u0442\u0438\u0439 \u0441\u043f\u043e\u0440\u0442\u043e\u043c \u0432 \u043f\u043e\u043c\u0435\u0449\u0435\u043d\u0438\u0438 \u0438 \u043d\u0430 \u043e\u0442\u043a\u0440\u044b\u0442\u043e\u043c \u0432\u043e\u0437\u0434\u0443\u0445\u0435);<\/li>\n\n\n\n<li>\u0430 \u0442\u0430\u043a\u0436\u0435 \u043b\u044e\u0431\u044b\u0435 \u0434\u0440\u0443\u0433\u0438\u0435 \u0432\u0435\u0449\u0438, \u043a\u043e\u0442\u043e\u0440\u044b\u0435 \u043c\u043e\u0433\u0443\u0442 \u043f\u0440\u0438\u043d\u0435\u0441\u0442\u0438 \u0440\u0430\u0434\u043e\u0441\u0442\u044c \u0432 \u0433\u043b\u0430\u0437\u0430 \u0434\u0435\u0442\u044f\u043c, \u043f\u043e\u0441\u0442\u0443\u043f\u0438\u0432\u0448\u0438\u043c \u0432 \u043e\u0442\u0434\u0435\u043b\u0435\u043d\u0438\u044f \u0434\u0435\u0442\u0441\u043a\u043e\u0439 \u043e\u043d\u043a\u043e\u043b\u043e\u0433\u0438\u0438.<\/li>\n<\/ul>\n\n\n\n<p>\u042d\u0442\u0438 \u0438\u0433\u0440\u0443\u0448\u043a\u0438 \u0431\u0443\u0434\u0443\u0442 \u0434\u0430\u0440\u0438\u0442\u044c\u0441\u044f \u0434\u0435\u0442\u044f\u043c \u0447\u0435\u0440\u0435\u0437 \u043f\u0440\u043e\u0435\u043a\u0442 \"\u041a\u043e\u0440\u043e\u0431\u043a\u0443 \u0445\u0440\u0430\u0431\u0440\u043e\u0441\u0442\u0438\" \u0438\u043b\u0438 \u043f\u043e \u0440\u0430\u0437\u043d\u044b\u043c \u043f\u043e\u0432\u043e\u0434\u0430\u043c (\u0434\u043d\u0438 \u0440\u043e\u0436\u0434\u0435\u043d\u0438\u044f, 1 \u0438\u044e\u043d\u044f, \u041f\u0430\u0441\u0445\u0430 \u0438\u043b\u0438 \u0420\u043e\u0436\u0434\u0435\u0441\u0442\u0432\u043e)<\/p>\n\n\n\n<p><strong>\u0412\u0410\u0416\u041d\u041e! <\/strong>\u041f\u0440\u0435\u0434\u043b\u0430\u0433\u0430\u0435\u043c\u044b\u0435 \u0442\u043e\u0432\u0430\u0440\u044b \u0434\u043e\u043b\u0436\u043d\u044b \u0431\u044b\u0442\u044c \u043d\u043e\u0432\u044b\u043c\u0438, \u0445\u043e\u0440\u043e\u0448\u0435\u0433\u043e \u043a\u0430\u0447\u0435\u0441\u0442\u0432\u0430. \u041c\u044f\u0433\u043a\u0438\u0435 \u0438\u0433\u0440\u0443\u0448\u043a\u0438 \u043d\u0435 \u043f\u0440\u0438\u043d\u0438\u043c\u0430\u044e\u0442\u0441\u044f, \u043f\u043e\u0442\u043e\u043c\u0443 \u0447\u0442\u043e \u043e\u043d\u0438 \u043d\u0435 \u043c\u043e\u0433\u0443\u0442 \u0431\u044b\u0442\u044c \u043f\u0440\u043e\u0434\u0435\u0437\u0438\u043d\u0444\u0438\u0446\u0438\u0440\u043e\u0432\u0430\u043d\u044b \u0438 \u043e\u0431\u043b\u0430\u0434\u0430\u044e\u0442 \u0441\u043f\u043e\u0441\u043e\u0431\u043d\u043e\u0441\u0442\u044c\u044e \u043d\u0430\u043a\u0430\u043f\u043b\u0438\u0432\u0430\u0442\u044c \u043f\u044b\u043b\u044c, \u0447\u0442\u043e \u043f\u0440\u043e\u0442\u0438\u0432\u043e\u043f\u043e\u043a\u0430\u0437\u0430\u043d\u043e \u0434\u0435\u0442\u044f\u043c \u0441 \u043d\u0438\u0437\u043a\u0438\u043c \u0438\u043c\u043c\u0443\u043d\u0438\u0442\u0435\u0442\u043e\u043c.<\/p>\n\n\n\n<p>Un cadou personalizat poate fi oferit prin intermediul proiectului nostru \u201d<a href=\"https:\/\/viatafaraleucemie.md\/ru\/actiuni\/poiana-dorintelor\/\" data-type=\"link\" data-id=\"https:\/\/viatafaraleucemie.md\/actiuni\/poiana-dorintelor\/\">\u0421\u044e\u0440\u043f\u0440\u0438\u0437 \u0432 \u043f\u0430\u043a\u0435\u0442\u0435<\/a>\u201d!<\/p>","protected":false},"excerpt":{"rendered":"<p>Dore\u0219ti s\u0103 readuci z\u00e2mbetul pe fa\u021ba unui copil bolnav de cancer? Ofer\u0103-i un cadou! Colect\u0103m: Aceste ju\u0103rii vor fi oferite copiilor prin intermediul \u201dCutiei Curajului\u201d sau cu diverse ocazii (zile de nastere, 1 iunie, Pa\u0219ti sau Cr\u0103ciun) IMPORTANT: Obiectele oferite trebuie s\u0103 fie noi, de calitate buna. Nu se accept\u0103 juc\u0103rii moi, deoarece nu pot [&hellip;]<\/p>\n","protected":false},"author":6,"featured_media":0,"parent":31,"menu_order":0,"comment_status":"closed","ping_status":"closed","template":"","meta":{"footnotes":""},"class_list":["post-806","page","type-page","status-publish","hentry"],"acf":[],"_links":{"self":[{"href":"https:\/\/viatafaraleucemie.md\/ru\/wp-json\/wp\/v2\/pages\/806","targetHints":{"allow":["GET"]}}],"collection":[{"href":"https:\/\/viatafaraleucemie.md\/ru\/wp-json\/wp\/v2\/pages"}],"about":[{"href":"https:\/\/viatafaraleucemie.md\/ru\/wp-json\/wp\/v2\/types\/page"}],"author":[{"embeddable":true,"href":"https:\/\/viatafaraleucemie.md\/ru\/wp-json\/wp\/v2\/users\/6"}],"replies":[{"embeddable":true,"href":"https:\/\/viatafaraleucemie.md\/ru\/wp-json\/wp\/v2\/comments?post=806"}],"version-history":[{"count":0,"href":"https:\/\/viatafaraleucemie.md\/ru\/wp-json\/wp\/v2\/pages\/806\/revisions"}],"up":[{"embeddable":true,"href":"https:\/\/viatafaraleucemie.md\/ru\/wp-json\/wp\/v2\/pages\/31"}],"wp:attachment":[{"href":"https:\/\/viatafaraleucemie.md\/ru\/wp-json\/wp\/v2\/media?parent=806"}],"curies":[{"name":"wp","href":"https:\/\/api.w.org\/{rel}","templated":true}]}}