{"id":922,"date":"2023-04-02T16:12:19","date_gmt":"2023-04-02T16:12:19","guid":{"rendered":"https:\/\/viatafaraleucemie.md\/?page_id=922"},"modified":"2023-05-22T15:17:39","modified_gmt":"2023-05-22T15:17:39","slug":"instaleaza-o-boxa-pentru-donatii","status":"publish","type":"page","link":"https:\/\/viatafaraleucemie.md\/ru\/cum-ne-puteti-ajuta\/instaleaza-o-boxa-pentru-donatii\/","title":{"rendered":"\u0423\u0441\u0442\u0430\u043d\u043e\u0432\u0438\u0442\u0435 \u0431\u043e\u043a\u0441 \u0434\u043b\u044f \u043f\u043e\u0436\u0435\u0440\u0442\u0432\u043e\u0432\u0430\u043d\u0438\u0439"},"content":{"rendered":"<p>\u041f\u043e\u0434\u0434\u0435\u0440\u0436\u0430\u0442\u044c \u0434\u0435\u044f\u0442\u0435\u043b\u044c\u043d\u043e\u0441\u0442\u044c \u0410\u0441\u0441\u043e\u0446\u0438\u0430\u0446\u0438\u0438 \u00ab\u0416\u0438\u0437\u043d\u044c \u0431\u0435\u0437 \u043b\u0435\u0439\u043a\u0435\u043c\u0438\u0438\u00bb \u0432\u043e\u0437\u043c\u043e\u0436\u043d\u043e \u043f\u0443\u0442\u0435\u043c \u0443\u0441\u0442\u0430\u043d\u043e\u0432\u043a\u0438 \u0431\u043e\u043a\u0441\u0430 \u0434\u043b\u044f \u0441\u0431\u043e\u0440\u0430 \u0434\u043e\u043d\u0430\u0446\u0438\u0439 \u0432 \u0446\u0435\u043b\u044f\u0445 \u043f\u043e\u043c\u043e\u0449\u0438 \u043d\u0430\u0448\u0438\u043c \u043f\u043e\u0434\u043e\u043f\u0435\u0447\u043d\u044b\u043c.<\/p>\n\n\n\n<p>\u0415\u0441\u043b\u0438 \u0432\u044b \u044f\u0432\u043b\u044f\u0435\u0442\u0435\u0441\u044c \u0430\u0434\u043c\u0438\u043d\u0438\u0441\u0442\u0440\u0430\u0442\u043e\u0440\u043e\u043c \u0438\u043b\u0438 \u0441\u043e\u0442\u0440\u0443\u0434\u043d\u0438\u043a\u043e\u043c \u043a\u043e\u043c\u043f\u0430\u043d\u0438\u0438, \u0432\u044b \u043c\u043e\u0436\u0435\u0442\u0435 \u043f\u043e\u0434\u0434\u0435\u0440\u0436\u0430\u0442\u044c \u043d\u0430\u0441, \u043f\u0440\u0435\u0434\u043e\u0441\u0442\u0430\u0432\u0438\u0432 \u043c\u0435\u0441\u0442\u043e \u0432 \u043f\u043e\u043c\u0435\u0449\u0435\u043d\u0438\u0438 \u043d\u0430\u0445\u043e\u0434\u044f\u0449\u0438\u043c\u0441\u044f \u0432 \u0432\u0430\u0448\u0435\u043c \u0432\u0435\u0434\u0435\u043d\u0438\u0438, \u043a\u0443\u0434\u0430 \u043c\u043e\u0436\u043d\u043e \u0443\u0441\u0442\u0430\u043d\u043e\u0432\u0438\u0442\u044c \u0431\u043e\u043a\u0441 \u0434\u043b\u044f \u0441\u0431\u043e\u0440\u0430 \u0434\u043e\u043d\u0430\u0446\u0438\u0439. \u0422\u0430\u043a\u0438\u043c \u043e\u0431\u0440\u0430\u0437\u043e\u043c, \u0432\u044b \u043f\u0440\u0435\u0434\u043e\u0441\u0442\u0430\u0432\u043b\u044f\u0435\u0442\u0435 \u0441\u0432\u043e\u0438\u043c \u043a\u043b\u0438\u0435\u043d\u0442\u0430\u043c \u0438 \u043f\u043e\u0441\u0435\u0442\u0438\u0442\u0435\u043b\u044f\u043c \u0432\u043e\u0437\u043c\u043e\u0436\u043d\u043e\u0441\u0442\u044c \u0432\u044b\u0440\u0430\u0437\u0438\u0442\u044c \u0441\u043e\u0441\u0442\u0440\u0430\u0434\u0430\u043d\u0438\u0435 \u0438 \u043f\u043e\u0434\u0434\u0435\u0440\u0436\u043a\u0443 \u0410\u0441\u0441\u043e\u0446\u0438\u0430\u0446\u0438\u0438 \u00ab\u0416\u0438\u0437\u043d\u044c \u0431\u0435\u0437 \u043b\u0435\u0439\u043a\u0435\u043c\u0438\u0438\u00bb, \u0430 \u043f\u043e\u0441\u0440\u0435\u0434\u0441\u0442\u0432\u043e\u043c  \u043d\u0430\u0441 - \u0434\u0435\u0442\u044f\u043c \u0441 \u043e\u043d\u043a\u043e\u043b\u043e\u0433\u0438\u0447\u0435\u0441\u043a\u0438\u043c\u0438 \u0437\u0430\u0431\u043e\u043b\u0435\u0432\u0430\u043d\u0438\u044f\u043c\u0438, \u043f\u0440\u043e\u0445\u043e\u0434\u044f\u0449\u0438\u043c \u043b\u0435\u0447\u0435\u043d\u0438\u0435 \u0432 \u041e\u043d\u043a\u043e\u043b\u043e\u0433\u0438\u0447\u0435\u0441\u043a\u043e\u043c \u0438\u043d\u0441\u0442\u0438\u0442\u0443\u0442\u0435 \u0432 \u0420\u0435\u0441\u043f\u0443\u0431\u043b\u0438\u043a\u0438 \u041c\u043e\u043b\u0434\u043e\u0432\u0430.<\/p>\n\n\n\n<div class=\"wp-block-buttons is-content-justification-center is-layout-flex wp-container-core-buttons-is-layout-16018d1d wp-block-buttons-is-layout-flex\">\n<div class=\"wp-block-button\"><a class=\"wp-block-button__link has-text-align-center wp-element-button\" href=\"https:\/\/forms.gle\/9ssLEVEuU13hwgrP6\" target=\"_blank\" rel=\"noreferrer noopener\">\u0417\u0410\u042f\u0412\u041a\u0410 \u041d\u0410 \u0423\u0421\u0422\u0410\u041d\u041e\u0412\u041a\u0423 \u0411\u041e\u041a\u0421\u0410<\/a><\/div>\n<\/div>\n\n\n\n<p>\u0421\u043e \u0441\u0432\u043e\u0435\u0439 \u0441\u0442\u043e\u0440\u043e\u043d\u044b \u043c\u044b \u0433\u0430\u0440\u0430\u043d\u0442\u0438\u0440\u0443\u0435\u043c \u0432\u044b\u043f\u043e\u043b\u043d\u0435\u043d\u0438\u0435 \u0432\u0441\u0435\u0445 \u043d\u0435\u043e\u0431\u0445\u043e\u0434\u0438\u043c\u044b\u0445 \u044e\u0440\u0438\u0434\u0438\u0447\u0435\u0441\u043a\u0438\u0445 \u043f\u0440\u043e\u0446\u0435\u0434\u0443\u0440 (\u0437\u0430\u043a\u043b\u044e\u0447\u0435\u043d\u0438\u0435 \u0434\u043e\u0433\u043e\u0432\u043e\u0440\u0430 \u043e \u0441\u043e\u0442\u0440\u0443\u0434\u043d\u0438\u0447\u0435\u0441\u0442\u0432\u0435, \u043e\u043f\u043b\u043e\u043c\u0431\u0438\u0440\u043e\u0432\u0430\u043d\u0438\u0435 \u0443\u0441\u0442\u0430\u043d\u043e\u0432\u043b\u0435\u043d\u043d\u044b\u0445 \u0431\u043e\u043a\u0441\u043e\u0432, \u043f\u043e\u0434\u043f\u0438\u0441\u0430\u043d\u0438\u0435 \u0434\u043e\u043a\u0443\u043c\u0435\u043d\u0442\u043e\u0432 \u043d\u0430 \u043e\u0442\u043a\u0440\u044b\u0442\u0438\u0435 \u0431\u043e\u043a\u0441\u043e\u0432 \u0438 \u0434\u0440.), \u0430 \u0442\u0430\u043a\u0436\u0435 \u043f\u0440\u0435\u0434\u043e\u0441\u0442\u0430\u0432\u043b\u0435\u043d\u0438\u0435 \u043e\u0442\u0447\u0435\u0442\u043e\u0432 \u043e\u0431 \u0438\u0441\u043f\u043e\u043b\u044c\u0437\u043e\u0432\u0430\u043d\u0438\u0438 \u0441\u043e\u0431\u0440\u0430\u043d\u043d\u044b\u0445 \u0441\u0440\u0435\u0434\u0441\u0442\u0432. \u0411\u043e\u043a\u0441 \u043f\u0440\u0435\u0434\u043e\u0441\u0442\u0430\u0432\u043b\u044f\u0435\u043c \u043c\u044b.<br>\u0421\u043e\u0431\u0438\u0440\u0430\u044f \u043c\u043e\u043d\u0435\u0442\u043a\u0443 \u043a \u043c\u043e\u043d\u0435\u0442\u043a\u0435 \u043c\u044b \u0441\u043c\u043e\u0436\u0435\u043c:<\/p>\n\n\n\n<ul class=\"wp-block-list\">\n<li>\u0423\u043b\u0443\u0447\u0448\u0438\u0442\u044c \u0443\u0441\u043b\u043e\u0432\u0438\u044f \u0432 \u0431\u043e\u043b\u044c\u043d\u0438\u0446\u0435<\/li>\n\n\n\n<li>\u041f\u0440\u0438\u043e\u0431\u0440\u0435\u0441\u0442\u0438 \u043e\u0431\u043e\u0440\u0443\u0434\u043e\u0432\u0430\u043d\u0438\u0435 \u0438 \u043b\u0435\u043a\u0430\u0440\u0441\u0442\u0432\u0430<\/li>\n\n\n\n<li>\u041e\u0431\u0435\u0441\u043f\u0435\u0447\u0438\u0442\u044c \u0441\u0435\u043c\u044c\u0438 \u043d\u0435\u043e\u0431\u0445\u043e\u0434\u0438\u043c\u044b\u043c<\/li>\n\n\n\n<li>\u041f\u043e\u0434\u0434\u0435\u0440\u0436\u0430\u0442\u044c \u043e\u0431\u0440\u0430\u0437\u043e\u0432\u0430\u0442\u0435\u043b\u044c\u043d\u044b\u0439 \u043f\u0440\u043e\u0446\u0435\u0441\u0441<\/li>\n\n\n\n<li>\u041f\u043e\u0434\u0430\u0440\u0438\u0442\u044c \u0443\u043b\u044b\u0431\u043a\u0438 \u0434\u0435\u0442\u044f\u043c \u0438 \u043d\u0430\u0434\u0435\u0436\u0434\u0443 \u0432 \u0438\u0445 \u0432\u044b\u0437\u0434\u043e\u0440\u043e\u0432\u043b\u0435\u043d\u0438\u0438<\/li>\n<\/ul>\n\n\n\n<p>\u0410\u0441\u0441\u043e\u0446\u0438\u0430\u0446\u0438\u044f&nbsp;<strong>\u043f\u0440\u0435\u0434\u043e\u0441\u0442\u0430\u0432\u0438\u0442 \u0432\u0430\u043c \u0431\u043e\u043a\u0441<\/strong>\u043a\u0430\u043a \u0438 \u0432\u0441\u0435 \u043d\u0435\u043e\u0431\u0445\u043e\u0434\u0438\u043c\u044b\u0435 \u0434\u043e\u043a\u0443\u043c\u0435\u043d\u0442\u044b \u0434\u043b\u044f \u0435\u0433\u043e \u043e\u0444\u043e\u0440\u043c\u043b\u0435\u043d\u0438\u044f<br>\u0412\u044b \u043f\u0440\u043e\u0441\u0442\u043e \u0434\u043e\u043b\u0436\u043d\u044b \u043e\u0442\u043f\u0440\u0430\u0432\u0438\u0442\u044c \u0437\u0430\u044f\u0432\u043a\u0443.<br>\u0421\u043f\u0430\u0441\u0438\u0431\u043e \u0432\u0430\u043c, \u0447\u0442\u043e \u0432\u044b \u0441 \u043d\u0430\u043c\u0438<br>\u0421\u043f\u0438\u0441\u043e\u043a \u043b\u043e\u043a\u0430\u0446\u0438\u0439, \u0433\u0434\u0435 \u0435\u0441\u0442\u044c \u0431\u043e\u043a\u0441:<\/p>\n\n\n\n<p>\u2714\ufe0f Magazin Shop-MESTO, or. Chi\u0219in\u0103u, str. A.Russo nr. 15<\/p>\n\n\n\n<p>\u2714\ufe0f Salon \u00abBeauty Life\u00bb,&nbsp; or. Chi\u0219in\u0103u, str. Cuza Voda nr.41<\/p>\n\n\n\n<p>\u2714\ufe0f Salon \u00abElegant-Lux\u00bb or. Chi\u0219in\u0103u, str. Lech Kaczinski nr.2\/1<\/p>\n\n\n\n<p>\u2714\ufe0f Magazin \u201d Marcel Auto\u201d, or. Chi\u0219in\u0103u, str. Calea Orheiului nr. 112, but.9<\/p>\n\n\n\n<p>\u2714\ufe0f Magazin de firma \u201dConfort\u201d, or. Chi\u0219in\u0103u, str. Mesager, 19<\/p>\n\n\n\n<p>\u2714\ufe0f Restaurant \u00abYapona Mama\u00bb, str. Decebal 76\/1<\/p>\n\n\n\n<figure class=\"wp-block-gallery has-nested-images columns-default is-cropped wp-block-gallery-1 is-layout-flex wp-block-gallery-is-layout-flex\">\n<figure class=\"wp-block-image size-large\"><img decoding=\"async\" width=\"768\" height=\"1024\" data-id=\"924\" src=\"https:\/\/viatafaraleucemie.md\/wp-content\/uploads\/2023\/04\/82649819_2974178075926233_4232061160578351104_o-768x1024.jpeg\" alt=\"\" class=\"wp-image-924\" srcset=\"https:\/\/viatafaraleucemie.md\/wp-content\/uploads\/2023\/04\/82649819_2974178075926233_4232061160578351104_o-768x1024.jpeg 768w, https:\/\/viatafaraleucemie.md\/wp-content\/uploads\/2023\/04\/82649819_2974178075926233_4232061160578351104_o-600x800.jpeg 600w, https:\/\/viatafaraleucemie.md\/wp-content\/uploads\/2023\/04\/82649819_2974178075926233_4232061160578351104_o-225x300.jpeg 225w, https:\/\/viatafaraleucemie.md\/wp-content\/uploads\/2023\/04\/82649819_2974178075926233_4232061160578351104_o-9x12.jpeg 9w, https:\/\/viatafaraleucemie.md\/wp-content\/uploads\/2023\/04\/82649819_2974178075926233_4232061160578351104_o.jpeg 843w\" sizes=\"(max-width: 768px) 100vw, 768px\" \/><\/figure>\n\n\n\n<figure class=\"wp-block-image size-large\"><img decoding=\"async\" width=\"1024\" height=\"1022\" data-id=\"925\" src=\"https:\/\/viatafaraleucemie.md\/wp-content\/uploads\/2023\/04\/148203338_1592512550938633_4168341966458289578_o-1024x1022.jpeg\" alt=\"\" class=\"wp-image-925\" srcset=\"https:\/\/viatafaraleucemie.md\/wp-content\/uploads\/2023\/04\/148203338_1592512550938633_4168341966458289578_o-1024x1022.jpeg 1024w, https:\/\/viatafaraleucemie.md\/wp-content\/uploads\/2023\/04\/148203338_1592512550938633_4168341966458289578_o-300x300.jpeg 300w, https:\/\/viatafaraleucemie.md\/wp-content\/uploads\/2023\/04\/148203338_1592512550938633_4168341966458289578_o-100x100.jpeg 100w, https:\/\/viatafaraleucemie.md\/wp-content\/uploads\/2023\/04\/148203338_1592512550938633_4168341966458289578_o-600x600.jpeg 600w, https:\/\/viatafaraleucemie.md\/wp-content\/uploads\/2023\/04\/148203338_1592512550938633_4168341966458289578_o-150x150.jpeg 150w, https:\/\/viatafaraleucemie.md\/wp-content\/uploads\/2023\/04\/148203338_1592512550938633_4168341966458289578_o-768x766.jpeg 768w, https:\/\/viatafaraleucemie.md\/wp-content\/uploads\/2023\/04\/148203338_1592512550938633_4168341966458289578_o-1536x1533.jpeg 1536w, https:\/\/viatafaraleucemie.md\/wp-content\/uploads\/2023\/04\/148203338_1592512550938633_4168341966458289578_o-12x12.jpeg 12w, https:\/\/viatafaraleucemie.md\/wp-content\/uploads\/2023\/04\/148203338_1592512550938633_4168341966458289578_o-1200x1197.jpeg 1200w, https:\/\/viatafaraleucemie.md\/wp-content\/uploads\/2023\/04\/148203338_1592512550938633_4168341966458289578_o.jpeg 1833w\" sizes=\"(max-width: 1024px) 100vw, 1024px\" \/><\/figure>\n\n\n\n<figure class=\"wp-block-image size-large\"><img decoding=\"async\" width=\"1024\" height=\"1024\" data-id=\"926\" src=\"https:\/\/viatafaraleucemie.md\/wp-content\/uploads\/2023\/04\/148326163_1592512617605293_2312189603232666819_o-1024x1024.jpeg\" alt=\"\" class=\"wp-image-926\" srcset=\"https:\/\/viatafaraleucemie.md\/wp-content\/uploads\/2023\/04\/148326163_1592512617605293_2312189603232666819_o-1024x1024.jpeg 1024w, https:\/\/viatafaraleucemie.md\/wp-content\/uploads\/2023\/04\/148326163_1592512617605293_2312189603232666819_o-300x300.jpeg 300w, https:\/\/viatafaraleucemie.md\/wp-content\/uploads\/2023\/04\/148326163_1592512617605293_2312189603232666819_o-100x100.jpeg 100w, https:\/\/viatafaraleucemie.md\/wp-content\/uploads\/2023\/04\/148326163_1592512617605293_2312189603232666819_o-600x600.jpeg 600w, https:\/\/viatafaraleucemie.md\/wp-content\/uploads\/2023\/04\/148326163_1592512617605293_2312189603232666819_o-150x150.jpeg 150w, https:\/\/viatafaraleucemie.md\/wp-content\/uploads\/2023\/04\/148326163_1592512617605293_2312189603232666819_o-768x768.jpeg 768w, https:\/\/viatafaraleucemie.md\/wp-content\/uploads\/2023\/04\/148326163_1592512617605293_2312189603232666819_o-1536x1536.jpeg 1536w, https:\/\/viatafaraleucemie.md\/wp-content\/uploads\/2023\/04\/148326163_1592512617605293_2312189603232666819_o-12x12.jpeg 12w, https:\/\/viatafaraleucemie.md\/wp-content\/uploads\/2023\/04\/148326163_1592512617605293_2312189603232666819_o-1200x1200.jpeg 1200w, https:\/\/viatafaraleucemie.md\/wp-content\/uploads\/2023\/04\/148326163_1592512617605293_2312189603232666819_o.jpeg 1833w\" sizes=\"(max-width: 1024px) 100vw, 1024px\" \/><\/figure>\n<\/figure>","protected":false},"excerpt":{"rendered":"<p>Ajut\u0103 copiii bolnavi de cancer. \u201eAdopt\u0103 o box\u0103\u201d pentru dona\u021bii \u0219i instaleaz-o \u00een institu\u021bia pe care o conduci Asocia\u021bia \u201eVia\u021ba f\u0103r\u0103 leucemie\u201d d\u0103 start campaniei de colectare a fondurilor pentru copiii bolnavi de cancer \u0219i familiile acestora. \u00cen acest sens, \u00eencuraj\u0103m administratorii companiilor s\u0103 ne sus\u021bin\u0103 \u0219i s\u0103 ne ofere spa\u021biu pentru instalarea boxei pentru [&hellip;]<\/p>\n","protected":false},"author":6,"featured_media":923,"parent":31,"menu_order":0,"comment_status":"closed","ping_status":"closed","template":"","meta":{"footnotes":""},"class_list":["post-922","page","type-page","status-publish","has-post-thumbnail","hentry"],"acf":[],"_links":{"self":[{"href":"https:\/\/viatafaraleucemie.md\/ru\/wp-json\/wp\/v2\/pages\/922","targetHints":{"allow":["GET"]}}],"collection":[{"href":"https:\/\/viatafaraleucemie.md\/ru\/wp-json\/wp\/v2\/pages"}],"about":[{"href":"https:\/\/viatafaraleucemie.md\/ru\/wp-json\/wp\/v2\/types\/page"}],"author":[{"embeddable":true,"href":"https:\/\/viatafaraleucemie.md\/ru\/wp-json\/wp\/v2\/users\/6"}],"replies":[{"embeddable":true,"href":"https:\/\/viatafaraleucemie.md\/ru\/wp-json\/wp\/v2\/comments?post=922"}],"version-history":[{"count":0,"href":"https:\/\/viatafaraleucemie.md\/ru\/wp-json\/wp\/v2\/pages\/922\/revisions"}],"up":[{"embeddable":true,"href":"https:\/\/viatafaraleucemie.md\/ru\/wp-json\/wp\/v2\/pages\/31"}],"wp:featuredmedia":[{"embeddable":true,"href":"https:\/\/viatafaraleucemie.md\/ru\/wp-json\/wp\/v2\/media\/923"}],"wp:attachment":[{"href":"https:\/\/viatafaraleucemie.md\/ru\/wp-json\/wp\/v2\/media?parent=922"}],"curies":[{"name":"wp","href":"https:\/\/api.w.org\/{rel}","templated":true}]}}